{"id":649,"date":"2024-06-20T09:41:51","date_gmt":"2024-06-20T07:41:51","guid":{"rendered":"https:\/\/jehannecharpente.fr\/?page_id=649"},"modified":"2024-06-20T17:28:26","modified_gmt":"2024-06-20T15:28:26","slug":"forum-aux-questions","status":"publish","type":"page","link":"https:\/\/jehannecharpente.fr\/en\/forum-aux-questions\/","title":{"rendered":"Forum aux questions"},"content":{"rendered":"<div class=\"crane-section\"><div class=\"crane-container\"><div class=\"vc_row wpb_row vc_row-fluid\"><div class=\"wpb_column vc_column_container vc_col-sm-12\"><div class=\"vc_column-inner\"><div class=\"wpb_wrapper\">\n\t\t\t<!-- START INTERIEUR REVOLUTION SLIDER 6.5.15 --><p class=\"rs-p-wp-fix\"><\/p>\n\t\t\t<rs-module-wrap id=\"rev_slider_5_1_wrapper\" data-source=\"gallery\" style=\"visibility:hidden;background:#878787;padding:0;margin:0px auto;margin-top:0;margin-bottom:0;\">\n\t\t\t\t<rs-module id=\"rev_slider_5_1\" style=\"\" data-version=\"6.5.15\">\n\t\t\t\t\t<rs-slides>\n\t\t\t\t\t\t<rs-slide style=\"position: absolute;\" data-key=\"rs-7\" data-title=\"Slide\" data-duration=\"5010\" data-anim=\"r:0;\" data-in=\"o:0;\" data-out=\"a:false;\" data-mediafilter=\"willow\">\n\t\t\t\t\t\t\t<img decoding=\"async\" src=\"\/\/jehannecharpente.fr\/wp-content\/plugins\/revslider\/public\/assets\/assets\/dummy.png\" alt=\"\" title=\"Forum aux questions\" class=\"rev-slidebg tp-rs-img rs-lazyload\" data-lazyload=\"\/\/jehannecharpente.fr\/wp-content\/uploads\/2019\/11\/main_bg.jpg\" data-no-retina>\n<!--\n\t\t\t\t\t\t\t--><rs-layer\n\t\t\t\t\t\t\t\tid=\"slider-5-slide-7-layer-2\" \n\t\t\t\t\t\t\t\tclass=\"Gym-Subline\"\n\t\t\t\t\t\t\t\tdata-type=\"text\"\n\t\t\t\t\t\t\t\tdata-color=\"rgba(255, 255, 255, 1)\"\n\t\t\t\t\t\t\t\tdata-rsp_ch=\"on\"\n\t\t\t\t\t\t\t\tdata-xy=\"x:c;xo:43px;y:c;yo:140px;\"\n\t\t\t\t\t\t\t\tdata-text=\"s:22;l:30;ls:5px;\"\n\t\t\t\t\t\t\t\tdata-frame_0=\"y:100%;tp:600;\"\n\t\t\t\t\t\t\t\tdata-frame_0_mask=\"u:t;y:100%;\"\n\t\t\t\t\t\t\t\tdata-frame_1=\"tp:600;e:power2.inOut;st:800;sp:3000;sR:800;\"\n\t\t\t\t\t\t\t\tdata-frame_1_mask=\"u:t;\"\n\t\t\t\t\t\t\t\tdata-frame_999=\"o:0;tp:600;e:nothing;st:w;sp:310;sR:1210;\"\n\t\t\t\t\t\t\t\tstyle=\"z-index:9;font-family:'Open Sans';text-shadow:0px 2px 5px rgba(0, 0, 0, 0.6);\"\n\t\t\t\t\t\t\t>Traditional framework, wooden frame house, cladding...\n \n\t\t\t\t\t\t\t<\/rs-layer><!--\n\n\t\t\t\t\t\t\t--><rs-layer\n\t\t\t\t\t\t\t\tid=\"slider-5-slide-7-layer-6\" \n\t\t\t\t\t\t\t\tclass=\"Fashion-BigDisplay\"\n\t\t\t\t\t\t\t\tdata-type=\"text\"\n\t\t\t\t\t\t\t\tdata-color=\"rgba(255, 255, 255, 1)\"\n\t\t\t\t\t\t\t\tdata-rsp_ch=\"on\"\n\t\t\t\t\t\t\t\tdata-xy=\"x:c;xo:36px;y:c;yo:82px;\"\n\t\t\t\t\t\t\t\tdata-text=\"s:50;l:60;ls:2px;fw:600;\"\n\t\t\t\t\t\t\t\tdata-frame_0=\"y:100%;tp:600;\"\n\t\t\t\t\t\t\t\tdata-frame_0_mask=\"u:t;y:100%;\"\n\t\t\t\t\t\t\t\tdata-frame_1=\"tp:600;e:Quad.easeInOut;sp:1420;\"\n\t\t\t\t\t\t\t\tdata-frame_1_mask=\"u:t;\"\n\t\t\t\t\t\t\t\tdata-frame_999=\"o:0;tp:600;e:nothing;st:w;sp:310;sR:3590;\"\n\t\t\t\t\t\t\t\tstyle=\"z-index:8;font-family:'Open Sans';text-shadow:0 1px 1px rgba(0, 0, 0, 0.7);\"\n\t\t\t\t\t\t\t>FRAME &amp; WOOD SOLUTIONS\n \n\t\t\t\t\t\t\t<\/rs-layer><!--\n-->\t\t\t\t\t\t<\/rs-slide>\n\t\t\t\t\t<\/rs-slides>\n\t\t\t\t<\/rs-module>\n\t\t\t\t<script>\n\t\t\t\t\tsetREVStartSize({c: 'rev_slider_5_1',rl:[1240,1024,778,480],el:[350],gw:[1200],gh:[350],type:'hero',justify:'',layout:'fullwidth',mh:\"0\"});if (window.RS_MODULES!==undefined && window.RS_MODULES.modules!==undefined && window.RS_MODULES.modules[\"revslider51\"]!==undefined) {window.RS_MODULES.modules[\"revslider51\"].once = false;window.revapi5 = undefined;if (window.RS_MODULES.checkMinimal!==undefined) window.RS_MODULES.checkMinimal()}\n\t\t\t\t<\/script>\n\t\t\t<\/rs-module-wrap>\n\t\t\t<!-- END REVOLUTION SLIDER -->\n<\/div><\/div><\/div><\/div><\/div><\/div><div class=\"crane-section\"><div class=\"crane-container\"><div class=\"vc_row wpb_row vc_row-fluid\"><div class=\"wpb_column vc_column_container vc_col-sm-12\"><div class=\"vc_column-inner\"><div class=\"wpb_wrapper\"><div class=\"vc_empty_space\"   style=\"height: 40px\"><span class=\"vc_empty_space_inner\"><\/span><\/div><section class=\"vc_cta3-container\"><div class=\"vc_general vc_cta3 vc_cta3-style-3d vc_cta3-shape-rounded vc_cta3-align-left vc_cta3-color-classic vc_cta3-icon-size-md vc_cta3-actions-bottom\"><div class=\"vc_cta3_content-container\"><div class=\"vc_cta3-content\"><header class=\"vc_cta3-content-header\"><h2>You have questions ? Ask us, and we will answer you<\/h2><\/header><p>We will do our best to respond to you as best and as quickly as possible. Thank you for your understanding.<\/p>\n<\/div><div class=\"vc_cta3-actions\"><div class=\"vc_btn3-container vc_btn3-inline\" ><a class=\"vc_general vc_btn3 vc_btn3-size-md vc_btn3-shape-rounded vc_btn3-style-3d vc_btn3-color-white\" href=\"https:\/\/jehannecharpente.fr\/en\/contactez-nous\/\" title=\"contact us !\">CONTACT US !<\/a><\/div><\/div><\/div><\/div><\/section><div class=\"vc_empty_space\"   style=\"height: 16px\"><span class=\"vc_empty_space_inner\"><\/span><\/div><\/div><\/div><\/div><\/div><\/div><\/div><div class=\"crane-section\"><div class=\"crane-container\"><div class=\"vc_row wpb_row vc_row-fluid\"><div class=\"wpb_column vc_column_container vc_col-sm-6\"><div class=\"vc_column-inner\"><div class=\"wpb_wrapper\"><h2 style=\"font-size: 25px;color: #ffffff;text-align: left;font-family:Roboto;font-weight:700;font-style:normal\" class=\"vc_custom_heading vc_custom_1718874080506\" >Frequently asked Questions<\/h2><div  class=\"vc_toggle vc_toggle_round vc_toggle_color_default  vc_toggle_size_md vc_custom_1718897283824\"><div class=\"vc_toggle_title\"><h2 style=\"font-size: 17px;text-align: left;font-family:Raleway;font-weight:500;font-style:normal\" class=\"vc_custom_heading\" >Site en travaux. Merci de votre compr\u00e9hension<\/h2><i class=\"vc_toggle_icon\"><\/i><\/div><div class=\"vc_toggle_content\"><\/div><\/div><div  class=\"vc_toggle vc_toggle_round vc_toggle_color_default  vc_toggle_size_md vc_custom_1718897158958\"><div class=\"vc_toggle_title\"><h2 style=\"font-size: 17px;text-align: left;font-family:Raleway;font-weight:500;font-style:normal\" class=\"vc_custom_heading\" >Q<\/h2><i class=\"vc_toggle_icon\"><\/i><\/div><div class=\"vc_toggle_content\"><p>&nbsp;<\/p>\n<p>&nbsp;<\/p>\n<\/div><\/div><div  class=\"vc_toggle vc_toggle_round vc_toggle_color_default  vc_toggle_size_md vc_custom_1718897184031\"><div class=\"vc_toggle_title\"><h2 style=\"font-size: 17px;text-align: left;font-family:Raleway;font-weight:500;font-style:normal\" class=\"vc_custom_heading\" >Q<\/h2><i class=\"vc_toggle_icon\"><\/i><\/div><div class=\"vc_toggle_content\"><\/div><\/div><div  class=\"vc_toggle vc_toggle_round vc_toggle_color_default  vc_toggle_size_md vc_custom_1718897197733\"><div class=\"vc_toggle_title\"><h2 style=\"font-size: 17px;text-align: left;font-family:Raleway;font-weight:500;font-style:normal\" class=\"vc_custom_heading\" >Q<\/h2><i class=\"vc_toggle_icon\"><\/i><\/div><div class=\"vc_toggle_content\"><p>&nbsp;<\/p>\n<p>&nbsp;<\/p>\n<\/div><\/div><\/div><\/div><\/div><div class=\"wpb_column vc_column_container vc_col-sm-6\"><div class=\"vc_column-inner\"><div class=\"wpb_wrapper\"><h2 style=\"font-size: 25px;color: #ffffff;text-align: left;font-family:Roboto;font-weight:700;font-style:normal\" class=\"vc_custom_heading vc_custom_1718874215108\" >Technical Questions<\/h2><div  class=\"vc_toggle vc_toggle_round vc_toggle_color_default  vc_toggle_size_md vc_custom_1718873929282\"><div class=\"vc_toggle_title\"><h2 style=\"font-size: 17px;text-align: left;font-family:Raleway;font-weight:500;font-style:normal\" class=\"vc_custom_heading\" >Question<\/h2><i class=\"vc_toggle_icon\"><\/i><\/div><div class=\"vc_toggle_content\"><p>R\u00e9ponse<\/p>\n<p>&nbsp;<\/p>\n<\/div><\/div><div  class=\"vc_toggle vc_toggle_round vc_toggle_color_default  vc_toggle_size_md vc_custom_1718873929282\"><div class=\"vc_toggle_title\"><h2 style=\"font-size: 17px;text-align: left;font-family:Raleway;font-weight:500;font-style:normal\" class=\"vc_custom_heading\" >Question<\/h2><i class=\"vc_toggle_icon\"><\/i><\/div><div class=\"vc_toggle_content\"><p>R\u00e9ponse<\/p>\n<p>&nbsp;<\/p>\n<\/div><\/div><div  class=\"vc_toggle vc_toggle_round vc_toggle_color_default  vc_toggle_size_md vc_custom_1718873929282\"><div class=\"vc_toggle_title\"><h2 style=\"font-size: 17px;text-align: left;font-family:Raleway;font-weight:500;font-style:normal\" class=\"vc_custom_heading\" >Question<\/h2><i class=\"vc_toggle_icon\"><\/i><\/div><div class=\"vc_toggle_content\"><p>R\u00e9ponse<\/p>\n<p>&nbsp;<\/p>\n<\/div><\/div><\/div><\/div><\/div><\/div><\/div><\/div>","protected":false},"excerpt":{"rendered":"Charpente traditionnelle, maison ossature bois, bardage ... CHARPENTE & SOLUTIONS BOIS Vous avez des questions ? Poser les nous, et nous vous r\u00e9pondronsNous ferrons aux maximum pour vous r\u00e9pondre aux mieux et le plus rapidement possible. Merci de votre compr\u00e9hension. CONTACTER-NOUS !Questions Fr\u00e9quentesSite en travaux. Merci de votre compr\u00e9hensionQ&nbsp; &nbsp; QQ&nbsp; &nbsp; Questions TechniquesQuestionR\u00e9ponse &nbsp; ...","protected":false},"author":1,"featured_media":0,"parent":0,"menu_order":0,"comment_status":"closed","ping_status":"closed","template":"","meta":{"footnotes":""},"class_list":["post-649","page","type-page","status-publish","hentry"],"yoast_head":"<!-- This site is optimized with the Yoast SEO plugin v23.1 - https:\/\/yoast.com\/wordpress\/plugins\/seo\/ -->\n<title>Forum aux questions - Jehanne Charpente<\/title>\n<meta name=\"robots\" content=\"index, follow, max-snippet:-1, max-image-preview:large, max-video-preview:-1\" \/>\n<link rel=\"canonical\" href=\"https:\/\/jehannecharpente.fr\/en\/forum-aux-questions\/\" \/>\n<meta property=\"og:locale\" content=\"en_GB\" \/>\n<meta property=\"og:type\" content=\"article\" \/>\n<meta property=\"og:title\" content=\"Forum aux questions - Jehanne Charpente\" \/>\n<meta property=\"og:url\" content=\"https:\/\/jehannecharpente.fr\/en\/forum-aux-questions\/\" \/>\n<meta property=\"og:site_name\" content=\"Jehanne Charpente\" \/>\n<meta property=\"article:modified_time\" content=\"2024-06-20T15:28:26+00:00\" \/>\n<meta name=\"twitter:card\" content=\"summary_large_image\" \/>\n<meta name=\"twitter:label1\" content=\"Estimated reading time\" \/>\n\t<meta name=\"twitter:data1\" content=\"3 minutes\" \/>\n<script type=\"application\/ld+json\" class=\"yoast-schema-graph\">{\"@context\":\"https:\/\/schema.org\",\"@graph\":[{\"@type\":\"WebPage\",\"@id\":\"https:\/\/jehannecharpente.fr\/forum-aux-questions\/\",\"url\":\"https:\/\/jehannecharpente.fr\/forum-aux-questions\/\",\"name\":\"Forum aux questions - Jehanne Charpente\",\"isPartOf\":{\"@id\":\"https:\/\/jehannecharpente.fr\/#website\"},\"datePublished\":\"2024-06-20T07:41:51+00:00\",\"dateModified\":\"2024-06-20T15:28:26+00:00\",\"breadcrumb\":{\"@id\":\"https:\/\/jehannecharpente.fr\/forum-aux-questions\/#breadcrumb\"},\"inLanguage\":\"en-GB\",\"potentialAction\":[{\"@type\":\"ReadAction\",\"target\":[\"https:\/\/jehannecharpente.fr\/forum-aux-questions\/\"]}]},{\"@type\":\"BreadcrumbList\",\"@id\":\"https:\/\/jehannecharpente.fr\/forum-aux-questions\/#breadcrumb\",\"itemListElement\":[{\"@type\":\"ListItem\",\"position\":1,\"name\":\"Accueil\",\"item\":\"https:\/\/jehannecharpente.fr\/\"},{\"@type\":\"ListItem\",\"position\":2,\"name\":\"Forum aux questions\"}]},{\"@type\":\"WebSite\",\"@id\":\"https:\/\/jehannecharpente.fr\/#website\",\"url\":\"https:\/\/jehannecharpente.fr\/\",\"name\":\"Jehanne Charpente\",\"description\":\"Charpente, Maison ossature bois, bardage I Saint-Malo\",\"potentialAction\":[{\"@type\":\"SearchAction\",\"target\":{\"@type\":\"EntryPoint\",\"urlTemplate\":\"https:\/\/jehannecharpente.fr\/?s={search_term_string}\"},\"query-input\":\"required name=search_term_string\"}],\"inLanguage\":\"en-GB\"}]}<\/script>\n<!-- \/ Yoast SEO plugin. -->","yoast_head_json":{"title":"Forum aux questions - Jehanne Charpente","robots":{"index":"index","follow":"follow","max-snippet":"max-snippet:-1","max-image-preview":"max-image-preview:large","max-video-preview":"max-video-preview:-1"},"canonical":"https:\/\/jehannecharpente.fr\/en\/forum-aux-questions\/","og_locale":"en_GB","og_type":"article","og_title":"Forum aux questions - Jehanne Charpente","og_url":"https:\/\/jehannecharpente.fr\/en\/forum-aux-questions\/","og_site_name":"Jehanne Charpente","article_modified_time":"2024-06-20T15:28:26+00:00","twitter_card":"summary_large_image","twitter_misc":{"Estimated reading time":"3 minutes"},"schema":{"@context":"https:\/\/schema.org","@graph":[{"@type":"WebPage","@id":"https:\/\/jehannecharpente.fr\/forum-aux-questions\/","url":"https:\/\/jehannecharpente.fr\/forum-aux-questions\/","name":"Forum aux questions - Jehanne Charpente","isPartOf":{"@id":"https:\/\/jehannecharpente.fr\/#website"},"datePublished":"2024-06-20T07:41:51+00:00","dateModified":"2024-06-20T15:28:26+00:00","breadcrumb":{"@id":"https:\/\/jehannecharpente.fr\/forum-aux-questions\/#breadcrumb"},"inLanguage":"en-GB","potentialAction":[{"@type":"ReadAction","target":["https:\/\/jehannecharpente.fr\/forum-aux-questions\/"]}]},{"@type":"BreadcrumbList","@id":"https:\/\/jehannecharpente.fr\/forum-aux-questions\/#breadcrumb","itemListElement":[{"@type":"ListItem","position":1,"name":"Accueil","item":"https:\/\/jehannecharpente.fr\/"},{"@type":"ListItem","position":2,"name":"Forum aux questions"}]},{"@type":"WebSite","@id":"https:\/\/jehannecharpente.fr\/#website","url":"https:\/\/jehannecharpente.fr\/","name":"Jehanne Charpente","description":"Charpente, Maison ossature bois, bardage I Saint-Malo","potentialAction":[{"@type":"SearchAction","target":{"@type":"EntryPoint","urlTemplate":"https:\/\/jehannecharpente.fr\/?s={search_term_string}"},"query-input":"required name=search_term_string"}],"inLanguage":"en-GB"}]}},"_links":{"self":[{"href":"https:\/\/jehannecharpente.fr\/en\/wp-json\/wp\/v2\/pages\/649"}],"collection":[{"href":"https:\/\/jehannecharpente.fr\/en\/wp-json\/wp\/v2\/pages"}],"about":[{"href":"https:\/\/jehannecharpente.fr\/en\/wp-json\/wp\/v2\/types\/page"}],"author":[{"embeddable":true,"href":"https:\/\/jehannecharpente.fr\/en\/wp-json\/wp\/v2\/users\/1"}],"replies":[{"embeddable":true,"href":"https:\/\/jehannecharpente.fr\/en\/wp-json\/wp\/v2\/comments?post=649"}],"version-history":[{"count":10,"href":"https:\/\/jehannecharpente.fr\/en\/wp-json\/wp\/v2\/pages\/649\/revisions"}],"predecessor-version":[{"id":679,"href":"https:\/\/jehannecharpente.fr\/en\/wp-json\/wp\/v2\/pages\/649\/revisions\/679"}],"wp:attachment":[{"href":"https:\/\/jehannecharpente.fr\/en\/wp-json\/wp\/v2\/media?parent=649"}],"curies":[{"name":"wp","href":"https:\/\/api.w.org\/{rel}","templated":true}]}}