{"id":409,"date":"2019-11-02T21:45:24","date_gmt":"2019-11-02T20:45:24","guid":{"rendered":"http:\/\/jehannecharpente.fr\/NOUVEAUSITE\/?page_id=409"},"modified":"2019-12-09T11:28:01","modified_gmt":"2019-12-09T10:28:01","slug":"terrasse-bois","status":"publish","type":"page","link":"https:\/\/jehannecharpente.fr\/en\/savoir-faire\/terrasse-bois\/","title":{"rendered":"Terrace"},"content":{"rendered":"<div class=\"crane-section\"><div class=\"crane-container\"><div class=\"crane-background\" style=\"background-color: #fafafa;\"><\/div><div class=\"crane-background-overlay\" style=\"background-color: #fafafa\"><\/div><div class=\"vc_row wpb_row vc_row-fluid\"><div class=\"wpb_column vc_column_container vc_col-sm-12\"><div class=\"vc_column-inner\"><div class=\"wpb_wrapper\">\n\t\t\t<!-- START INTERIEUR REVOLUTION SLIDER 6.5.15 --><p class=\"rs-p-wp-fix\"><\/p>\n\t\t\t<rs-module-wrap id=\"rev_slider_5_1_wrapper\" data-source=\"gallery\" style=\"visibility:hidden;background:#878787;padding:0;margin:0px auto;margin-top:0;margin-bottom:0;\">\n\t\t\t\t<rs-module id=\"rev_slider_5_1\" style=\"\" data-version=\"6.5.15\">\n\t\t\t\t\t<rs-slides>\n\t\t\t\t\t\t<rs-slide style=\"position: absolute;\" data-key=\"rs-7\" data-title=\"Slide\" data-duration=\"5010\" data-anim=\"r:0;\" data-in=\"o:0;\" data-out=\"a:false;\" data-mediafilter=\"willow\">\n\t\t\t\t\t\t\t<img decoding=\"async\" src=\"\/\/jehannecharpente.fr\/wp-content\/plugins\/revslider\/public\/assets\/assets\/dummy.png\" alt=\"\" title=\"Terrace\" class=\"rev-slidebg tp-rs-img rs-lazyload\" data-lazyload=\"\/\/jehannecharpente.fr\/wp-content\/uploads\/2019\/11\/main_bg.jpg\" data-no-retina>\n<!--\n\t\t\t\t\t\t\t--><rs-layer\n\t\t\t\t\t\t\t\tid=\"slider-5-slide-7-layer-2\" \n\t\t\t\t\t\t\t\tclass=\"Gym-Subline\"\n\t\t\t\t\t\t\t\tdata-type=\"text\"\n\t\t\t\t\t\t\t\tdata-color=\"rgba(255, 255, 255, 1)\"\n\t\t\t\t\t\t\t\tdata-rsp_ch=\"on\"\n\t\t\t\t\t\t\t\tdata-xy=\"x:c;xo:43px;y:c;yo:140px;\"\n\t\t\t\t\t\t\t\tdata-text=\"s:22;l:30;ls:5px;\"\n\t\t\t\t\t\t\t\tdata-frame_0=\"y:100%;tp:600;\"\n\t\t\t\t\t\t\t\tdata-frame_0_mask=\"u:t;y:100%;\"\n\t\t\t\t\t\t\t\tdata-frame_1=\"tp:600;e:power2.inOut;st:800;sp:3000;sR:800;\"\n\t\t\t\t\t\t\t\tdata-frame_1_mask=\"u:t;\"\n\t\t\t\t\t\t\t\tdata-frame_999=\"o:0;tp:600;e:nothing;st:w;sp:310;sR:1210;\"\n\t\t\t\t\t\t\t\tstyle=\"z-index:9;font-family:'Open Sans';text-shadow:0px 2px 5px rgba(0, 0, 0, 0.6);\"\n\t\t\t\t\t\t\t>Traditional framework, wooden frame house, cladding...\n \n\t\t\t\t\t\t\t<\/rs-layer><!--\n\n\t\t\t\t\t\t\t--><rs-layer\n\t\t\t\t\t\t\t\tid=\"slider-5-slide-7-layer-6\" \n\t\t\t\t\t\t\t\tclass=\"Fashion-BigDisplay\"\n\t\t\t\t\t\t\t\tdata-type=\"text\"\n\t\t\t\t\t\t\t\tdata-color=\"rgba(255, 255, 255, 1)\"\n\t\t\t\t\t\t\t\tdata-rsp_ch=\"on\"\n\t\t\t\t\t\t\t\tdata-xy=\"x:c;xo:36px;y:c;yo:82px;\"\n\t\t\t\t\t\t\t\tdata-text=\"s:50;l:60;ls:2px;fw:600;\"\n\t\t\t\t\t\t\t\tdata-frame_0=\"y:100%;tp:600;\"\n\t\t\t\t\t\t\t\tdata-frame_0_mask=\"u:t;y:100%;\"\n\t\t\t\t\t\t\t\tdata-frame_1=\"tp:600;e:Quad.easeInOut;sp:1420;\"\n\t\t\t\t\t\t\t\tdata-frame_1_mask=\"u:t;\"\n\t\t\t\t\t\t\t\tdata-frame_999=\"o:0;tp:600;e:nothing;st:w;sp:310;sR:3590;\"\n\t\t\t\t\t\t\t\tstyle=\"z-index:8;font-family:'Open Sans';text-shadow:0 1px 1px rgba(0, 0, 0, 0.7);\"\n\t\t\t\t\t\t\t>FRAME &amp; WOOD SOLUTIONS\n \n\t\t\t\t\t\t\t<\/rs-layer><!--\n-->\t\t\t\t\t\t<\/rs-slide>\n\t\t\t\t\t<\/rs-slides>\n\t\t\t\t<\/rs-module>\n\t\t\t\t<script>\n\t\t\t\t\tsetREVStartSize({c: 'rev_slider_5_1',rl:[1240,1024,778,480],el:[350],gw:[1200],gh:[350],type:'hero',justify:'',layout:'fullwidth',mh:\"0\"});if (window.RS_MODULES!==undefined && window.RS_MODULES.modules!==undefined && window.RS_MODULES.modules[\"revslider51\"]!==undefined) {window.RS_MODULES.modules[\"revslider51\"].once = false;window.revapi5 = undefined;if (window.RS_MODULES.checkMinimal!==undefined) window.RS_MODULES.checkMinimal()}\n\t\t\t\t<\/script>\n\t\t\t<\/rs-module-wrap>\n\t\t\t<!-- END REVOLUTION SLIDER -->\n<\/div><\/div><\/div><\/div><\/div><\/div><div class=\"crane-section\"><div class=\"crane-container\"><div class=\"crane-background\" style=\"background-color: #fafafa;\"><\/div><div class=\"crane-background-overlay\" style=\"background-color: #fafafa\"><\/div><div class=\"vc_row wpb_row vc_row-fluid vc_custom_1572725240985\"><div class=\"wpb_column vc_column_container vc_col-sm-12\"><div class=\"vc_column-inner\"><div class=\"wpb_wrapper\"><div class=\"vc_empty_space\"   style=\"height: 70px\"><span class=\"vc_empty_space_inner\"><\/span><\/div><h1 style=\"font-size: 32px;text-align: center\" class=\"vc_custom_heading\" >WOOD OR COMPOSITE TERRACE<\/h1><div class=\"vc_empty_space\"   style=\"height: 70px\"><span class=\"vc_empty_space_inner\"><\/span><\/div>\n\t<div class=\"wpb_text_column wpb_content_element\" >\n\t\t<div class=\"wpb_wrapper\">\n\t\t\t<p style=\"text-align: justify;\">We create wooden terraces such as Douglas fir or larch or so-called reconstituted or composite wood, both on stilts to adapt to all types of terrain, and on concrete slabs. The outdoor terrace creates a friendly place and brings a touch of conviviality and aesthetics to your home and your garden.<\/p>\n\n\t\t<\/div>\n\t<\/div>\n<div class=\"vc_empty_space\"   style=\"height: 70px\"><span class=\"vc_empty_space_inner\"><\/span><\/div><\/div><\/div><\/div><\/div><\/div><\/div><div class=\"crane-section\"><div class=\"crane-container\"><div class=\"vc_row wpb_row vc_row-fluid vc_custom_1572725156524\"><div class=\"wpb_column vc_column_container vc_col-sm-6\"><div class=\"vc_column-inner\"><div class=\"wpb_wrapper\"><div class=\"vc_empty_space\"   style=\"height: 70px\"><span class=\"vc_empty_space_inner\"><\/span><\/div>\n\t<div class=\"wpb_text_column wpb_content_element\" >\n\t\t<div class=\"wpb_wrapper\">\n\t\t\t<p>JEHANNE CHARPENTE advises you, guides you in the choice of your wooden or composite terrace and imagines and installs your future outdoor living space.<\/p>\n\n\t\t<\/div>\n\t<\/div>\n<div class=\"vc_empty_space\"   style=\"height: 30px\"><span class=\"vc_empty_space_inner\"><\/span><\/div>\n\t<div class=\"wpb_text_column wpb_content_element\" >\n\t\t<div class=\"wpb_wrapper\">\n\t\t\t<h3><span style=\"color: #d3d926;\"><strong>OUR AREAS\u00a0<\/strong><\/span><\/h3>\n<h5>- Wooden deck<\/h5>\n<h5>\u2013 Composite terrace<\/h5>\n<h5>\u2013 Terrace on stilts<\/h5>\n\n\t\t<\/div>\n\t<\/div>\n<\/div><\/div><\/div><div class=\"wpb_column vc_column_container vc_col-sm-6\"><div class=\"vc_column-inner\"><div class=\"wpb_wrapper\"><div class=\"vc_empty_space\"   style=\"height: 70px\"><span class=\"vc_empty_space_inner\"><\/span><\/div><div class=\"wpb_gallery wpb_content_element vc_clearfix\" ><div class=\"wpb_wrapper\"><div class=\"wpb_gallery_slides wpb_flexslider flexslider_slide flexslider\" data-interval=\"3\" data-flex_fx=\"slide\"><ul class=\"slides\"><li><a class=\"\" href=\"https:\/\/jehannecharpente.fr\/wp-content\/uploads\/2019\/12\/Terrasse-composite-SILVADEC-1-713x1024.jpg\" data-lightbox=\"lightbox[rel-409-1]\"><img loading=\"lazy\" decoding=\"async\" class=\"\" src=\"https:\/\/jehannecharpente.fr\/wp-content\/uploads\/2019\/12\/Terrasse-composite-SILVADEC-1-300x200.jpg\" width=\"300\" height=\"200\" alt=\"Terrasse composite SILVADEC (1)\" title=\"Terrasse composite SILVADEC (1)\" \/><\/a><\/li><li><a class=\"\" href=\"https:\/\/jehannecharpente.fr\/wp-content\/uploads\/2019\/12\/IMG_20191106_161257_resized_20191107_112638006-768x1024.jpg\" data-lightbox=\"lightbox[rel-409-1]\"><img loading=\"lazy\" decoding=\"async\" class=\"\" src=\"https:\/\/jehannecharpente.fr\/wp-content\/uploads\/2019\/12\/IMG_20191106_161257_resized_20191107_112638006-300x200.jpg\" width=\"300\" height=\"200\" alt=\"IMG_20191106_161257_resized_20191107_112638006\" title=\"IMG_20191106_161257_resized_20191107_112638006\" \/><\/a><\/li><\/ul><\/div><\/div><\/div><div class=\"vc_empty_space\"   style=\"height: 70px\"><span class=\"vc_empty_space_inner\"><\/span><\/div><\/div><\/div><\/div><\/div><\/div><\/div><div class=\"crane-section\"><div class=\"crane-container\"><div class=\"crane-background\" style=\"background-color: #fafafa;\"><\/div><div class=\"crane-background-overlay\" style=\"background-color: #fafafa\"><\/div><div class=\"vc_row wpb_row vc_row-fluid wpb_animate_when_almost_visible wpb_bounceInLeft bounceInLeft vc_custom_1572725957832\"><div class=\"wpb_column vc_column_container vc_col-sm-12\"><div class=\"vc_column-inner\"><div class=\"wpb_wrapper\"><div class=\"vc_empty_space\"   style=\"height: 70px\"><span class=\"vc_empty_space_inner\"><\/span><\/div><div class=\"vc_row wpb_row vc_inner vc_row-fluid\"><div class=\"wpb_column vc_column_container vc_col-sm-9\"><div class=\"vc_column-inner\"><div class=\"wpb_wrapper\">\n\t<div class=\"wpb_text_column wpb_content_element\" >\n\t\t<div class=\"wpb_wrapper\">\n\t\t\t<h3 class=\"vc_custom_heading\" style=\"text-align: center;\"><strong>Entrust us with all your work, we will be able to respond to all your requests!<\/strong><\/h3>\n\n\t\t<\/div>\n\t<\/div>\n<\/div><\/div><\/div><div class=\"wpb_column vc_column_container vc_col-sm-3\"><div class=\"vc_column-inner\"><div class=\"wpb_wrapper\"><div class=\"ubtn-ctn-left\"><a class=\"ubtn-link ult-adjust-bottom-margin ubtn-left ubtn-normal\" href=\"http:\/\/jehannecharpente.fr\/en\/NOUVEAUSITE\/contactez-nous\/\" title=\"contact us !\" target=\"_blank\" rel=\"noopener\" ><button type=\"button\" id=\"ubtn-5684\"  class=\"ubtn ult-adjust-bottom-margin ult-responsive ubtn-normal ubtn-fade-bg  ulta-pulse-grow  ubtn-left   tooltip-69d5e8d324afb\"  data-hover=\"#ffffff\" data-border-color=\"\" data-bg=\"#d3d926\" data-hover-bg=\"#d3d926\" data-border-hover=\"\" data-shadow-hover=\"\" data-shadow-click=\"none\" data-shadow=\"\" data-shd-shadow=\"\"  data-ultimate-target='#ubtn-5684'  data-responsive-json-new='{\"font-size\":\"desktop:15px;\",\"line-height\":\"desktop:15px;\"}'  style=\"font-weight:bold;border:none;background: #d3d926;color: #ffffff;\"><span class=\"ubtn-hover\" style=\"background-color:#d3d926\"><\/span><span class=\"ubtn-data ubtn-text\" >CONTACT US !<\/span><\/button><\/a><\/div><\/div><\/div><\/div><\/div><div class=\"vc_empty_space\"   style=\"height: 150px\"><span class=\"vc_empty_space_inner\"><\/span><\/div><\/div><\/div><\/div><\/div><\/div><\/div>","protected":false},"excerpt":{"rendered":"Charpente traditionnelle, maison ossature bois, bardage ... CHARPENTE & SOLUTIONS BOIS TERRASSE BOIS OU COMPOSITE Nous r\u00e9alisons des terrasses en bois de type douglas ou m\u00e9l\u00e8ze ou en bois dit reconstitu\u00e9 ou composite,aussi bien sur pilotis pour s\u2019adapter \u00e0 tous types de terrains,que sur dalles b\u00e9ton. La terrasse ext\u00e9rieure cr\u00e9e un lieu convivial et apporte ...","protected":false},"author":1,"featured_media":0,"parent":129,"menu_order":0,"comment_status":"closed","ping_status":"closed","template":"","meta":{"footnotes":""},"class_list":["post-409","page","type-page","status-publish","hentry"],"yoast_head":"<!-- This site is optimized with the Yoast SEO plugin v23.1 - https:\/\/yoast.com\/wordpress\/plugins\/seo\/ -->\n<title>Terrasse bois ou composite I Sur pilotis ou Dalle I JEHANNE CHARPENTE<\/title>\n<meta name=\"description\" content=\"Envie de cr\u00e9er ou am\u00e9nager une terrasse en bois ou en composite ? Sur Pilotis ou sur dalle, au c\u0153ur de votre jardin, ou sur votre balcon, contactez-nous !\" \/>\n<meta name=\"robots\" content=\"index, follow, max-snippet:-1, max-image-preview:large, max-video-preview:-1\" \/>\n<link rel=\"canonical\" href=\"https:\/\/jehannecharpente.fr\/en\/savoir-faire\/terrasse-bois\/\" \/>\n<meta property=\"og:locale\" content=\"en_GB\" \/>\n<meta property=\"og:type\" content=\"article\" \/>\n<meta property=\"og:title\" content=\"Terrasse bois ou composite I Sur pilotis ou Dalle I JEHANNE CHARPENTE\" \/>\n<meta property=\"og:description\" content=\"Envie de cr\u00e9er ou am\u00e9nager une terrasse en bois ou en composite ? Sur Pilotis ou sur dalle, au c\u0153ur de votre jardin, ou sur votre balcon, contactez-nous !\" \/>\n<meta property=\"og:url\" content=\"https:\/\/jehannecharpente.fr\/en\/savoir-faire\/terrasse-bois\/\" \/>\n<meta property=\"og:site_name\" content=\"Jehanne Charpente\" \/>\n<meta property=\"article:modified_time\" content=\"2019-12-09T10:28:01+00:00\" \/>\n<meta name=\"twitter:card\" content=\"summary_large_image\" \/>\n<meta name=\"twitter:label1\" content=\"Estimated reading time\" \/>\n\t<meta name=\"twitter:data1\" content=\"2 minutes\" \/>\n<script type=\"application\/ld+json\" class=\"yoast-schema-graph\">{\"@context\":\"https:\/\/schema.org\",\"@graph\":[{\"@type\":\"WebPage\",\"@id\":\"https:\/\/jehannecharpente.fr\/savoir-faire\/terrasse-bois\/\",\"url\":\"https:\/\/jehannecharpente.fr\/savoir-faire\/terrasse-bois\/\",\"name\":\"Terrasse bois ou composite I Sur pilotis ou Dalle I JEHANNE CHARPENTE\",\"isPartOf\":{\"@id\":\"https:\/\/jehannecharpente.fr\/#website\"},\"datePublished\":\"2019-11-02T20:45:24+00:00\",\"dateModified\":\"2019-12-09T10:28:01+00:00\",\"description\":\"Envie de cr\u00e9er ou am\u00e9nager une terrasse en bois ou en composite ? Sur Pilotis ou sur dalle, au c\u0153ur de votre jardin, ou sur votre balcon, contactez-nous !\",\"breadcrumb\":{\"@id\":\"https:\/\/jehannecharpente.fr\/savoir-faire\/terrasse-bois\/#breadcrumb\"},\"inLanguage\":\"en-GB\",\"potentialAction\":[{\"@type\":\"ReadAction\",\"target\":[\"https:\/\/jehannecharpente.fr\/savoir-faire\/terrasse-bois\/\"]}]},{\"@type\":\"BreadcrumbList\",\"@id\":\"https:\/\/jehannecharpente.fr\/savoir-faire\/terrasse-bois\/#breadcrumb\",\"itemListElement\":[{\"@type\":\"ListItem\",\"position\":1,\"name\":\"Accueil\",\"item\":\"https:\/\/jehannecharpente.fr\/\"},{\"@type\":\"ListItem\",\"position\":2,\"name\":\"Savoir-faire\",\"item\":\"https:\/\/jehannecharpente.fr\/savoir-faire\/\"},{\"@type\":\"ListItem\",\"position\":3,\"name\":\"Terrasse\"}]},{\"@type\":\"WebSite\",\"@id\":\"https:\/\/jehannecharpente.fr\/#website\",\"url\":\"https:\/\/jehannecharpente.fr\/\",\"name\":\"Jehanne Charpente\",\"description\":\"Charpente, Maison ossature bois, bardage I Saint-Malo\",\"potentialAction\":[{\"@type\":\"SearchAction\",\"target\":{\"@type\":\"EntryPoint\",\"urlTemplate\":\"https:\/\/jehannecharpente.fr\/?s={search_term_string}\"},\"query-input\":\"required name=search_term_string\"}],\"inLanguage\":\"en-GB\"}]}<\/script>\n<!-- \/ Yoast SEO plugin. -->","yoast_head_json":{"title":"Terrasse bois ou composite I Sur pilotis ou Dalle I JEHANNE CHARPENTE","description":"Envie de cr\u00e9er ou am\u00e9nager une terrasse en bois ou en composite ? Sur Pilotis ou sur dalle, au c\u0153ur de votre jardin, ou sur votre balcon, contactez-nous !","robots":{"index":"index","follow":"follow","max-snippet":"max-snippet:-1","max-image-preview":"max-image-preview:large","max-video-preview":"max-video-preview:-1"},"canonical":"https:\/\/jehannecharpente.fr\/en\/savoir-faire\/terrasse-bois\/","og_locale":"en_GB","og_type":"article","og_title":"Terrasse bois ou composite I Sur pilotis ou Dalle I JEHANNE CHARPENTE","og_description":"Envie de cr\u00e9er ou am\u00e9nager une terrasse en bois ou en composite ? Sur Pilotis ou sur dalle, au c\u0153ur de votre jardin, ou sur votre balcon, contactez-nous !","og_url":"https:\/\/jehannecharpente.fr\/en\/savoir-faire\/terrasse-bois\/","og_site_name":"Jehanne Charpente","article_modified_time":"2019-12-09T10:28:01+00:00","twitter_card":"summary_large_image","twitter_misc":{"Estimated reading time":"2 minutes"},"schema":{"@context":"https:\/\/schema.org","@graph":[{"@type":"WebPage","@id":"https:\/\/jehannecharpente.fr\/savoir-faire\/terrasse-bois\/","url":"https:\/\/jehannecharpente.fr\/savoir-faire\/terrasse-bois\/","name":"Terrasse bois ou composite I Sur pilotis ou Dalle I JEHANNE CHARPENTE","isPartOf":{"@id":"https:\/\/jehannecharpente.fr\/#website"},"datePublished":"2019-11-02T20:45:24+00:00","dateModified":"2019-12-09T10:28:01+00:00","description":"Envie de cr\u00e9er ou am\u00e9nager une terrasse en bois ou en composite ? Sur Pilotis ou sur dalle, au c\u0153ur de votre jardin, ou sur votre balcon, contactez-nous !","breadcrumb":{"@id":"https:\/\/jehannecharpente.fr\/savoir-faire\/terrasse-bois\/#breadcrumb"},"inLanguage":"en-GB","potentialAction":[{"@type":"ReadAction","target":["https:\/\/jehannecharpente.fr\/savoir-faire\/terrasse-bois\/"]}]},{"@type":"BreadcrumbList","@id":"https:\/\/jehannecharpente.fr\/savoir-faire\/terrasse-bois\/#breadcrumb","itemListElement":[{"@type":"ListItem","position":1,"name":"Accueil","item":"https:\/\/jehannecharpente.fr\/"},{"@type":"ListItem","position":2,"name":"Savoir-faire","item":"https:\/\/jehannecharpente.fr\/savoir-faire\/"},{"@type":"ListItem","position":3,"name":"Terrasse"}]},{"@type":"WebSite","@id":"https:\/\/jehannecharpente.fr\/#website","url":"https:\/\/jehannecharpente.fr\/","name":"Jehanne Charpente","description":"Charpente, Maison ossature bois, bardage I Saint-Malo","potentialAction":[{"@type":"SearchAction","target":{"@type":"EntryPoint","urlTemplate":"https:\/\/jehannecharpente.fr\/?s={search_term_string}"},"query-input":"required name=search_term_string"}],"inLanguage":"en-GB"}]}},"_links":{"self":[{"href":"https:\/\/jehannecharpente.fr\/en\/wp-json\/wp\/v2\/pages\/409"}],"collection":[{"href":"https:\/\/jehannecharpente.fr\/en\/wp-json\/wp\/v2\/pages"}],"about":[{"href":"https:\/\/jehannecharpente.fr\/en\/wp-json\/wp\/v2\/types\/page"}],"author":[{"embeddable":true,"href":"https:\/\/jehannecharpente.fr\/en\/wp-json\/wp\/v2\/users\/1"}],"replies":[{"embeddable":true,"href":"https:\/\/jehannecharpente.fr\/en\/wp-json\/wp\/v2\/comments?post=409"}],"version-history":[{"count":20,"href":"https:\/\/jehannecharpente.fr\/en\/wp-json\/wp\/v2\/pages\/409\/revisions"}],"predecessor-version":[{"id":530,"href":"https:\/\/jehannecharpente.fr\/en\/wp-json\/wp\/v2\/pages\/409\/revisions\/530"}],"up":[{"embeddable":true,"href":"https:\/\/jehannecharpente.fr\/en\/wp-json\/wp\/v2\/pages\/129"}],"wp:attachment":[{"href":"https:\/\/jehannecharpente.fr\/en\/wp-json\/wp\/v2\/media?parent=409"}],"curies":[{"name":"wp","href":"https:\/\/api.w.org\/{rel}","templated":true}]}}