{"id":395,"date":"2019-11-02T21:38:13","date_gmt":"2019-11-02T20:38:13","guid":{"rendered":"http:\/\/jehannecharpente.fr\/NOUVEAUSITE\/?page_id=395"},"modified":"2024-04-16T21:58:43","modified_gmt":"2024-04-16T19:58:43","slug":"charpente-bois","status":"publish","type":"page","link":"https:\/\/jehannecharpente.fr\/en\/savoir-faire\/charpente-bois\/","title":{"rendered":"Frame"},"content":{"rendered":"<div class=\"crane-section\"><div class=\"crane-container\"><div class=\"crane-background\" style=\"background-color: #fafafa;\"><\/div><div class=\"crane-background-overlay\" style=\"background-color: #fafafa\"><\/div><div class=\"vc_row wpb_row vc_row-fluid\"><div class=\"wpb_column vc_column_container vc_col-sm-12\"><div class=\"vc_column-inner\"><div class=\"wpb_wrapper\">\n\t\t\t<!-- START INTERIEUR REVOLUTION SLIDER 6.5.15 --><p class=\"rs-p-wp-fix\"><\/p>\n\t\t\t<rs-module-wrap id=\"rev_slider_5_1_wrapper\" data-source=\"gallery\" style=\"visibility:hidden;background:#878787;padding:0;margin:0px auto;margin-top:0;margin-bottom:0;\">\n\t\t\t\t<rs-module id=\"rev_slider_5_1\" style=\"\" data-version=\"6.5.15\">\n\t\t\t\t\t<rs-slides>\n\t\t\t\t\t\t<rs-slide style=\"position: absolute;\" data-key=\"rs-7\" data-title=\"Slide\" data-duration=\"5010\" data-anim=\"r:0;\" data-in=\"o:0;\" data-out=\"a:false;\" data-mediafilter=\"willow\">\n\t\t\t\t\t\t\t<img decoding=\"async\" src=\"\/\/jehannecharpente.fr\/wp-content\/plugins\/revslider\/public\/assets\/assets\/dummy.png\" alt=\"\" title=\"Frame\" class=\"rev-slidebg tp-rs-img rs-lazyload\" data-lazyload=\"\/\/jehannecharpente.fr\/wp-content\/uploads\/2019\/11\/main_bg.jpg\" data-no-retina>\n<!--\n\t\t\t\t\t\t\t--><rs-layer\n\t\t\t\t\t\t\t\tid=\"slider-5-slide-7-layer-2\" \n\t\t\t\t\t\t\t\tclass=\"Gym-Subline\"\n\t\t\t\t\t\t\t\tdata-type=\"text\"\n\t\t\t\t\t\t\t\tdata-color=\"rgba(255, 255, 255, 1)\"\n\t\t\t\t\t\t\t\tdata-rsp_ch=\"on\"\n\t\t\t\t\t\t\t\tdata-xy=\"x:c;xo:43px;y:c;yo:140px;\"\n\t\t\t\t\t\t\t\tdata-text=\"s:22;l:30;ls:5px;\"\n\t\t\t\t\t\t\t\tdata-frame_0=\"y:100%;tp:600;\"\n\t\t\t\t\t\t\t\tdata-frame_0_mask=\"u:t;y:100%;\"\n\t\t\t\t\t\t\t\tdata-frame_1=\"tp:600;e:power2.inOut;st:800;sp:3000;sR:800;\"\n\t\t\t\t\t\t\t\tdata-frame_1_mask=\"u:t;\"\n\t\t\t\t\t\t\t\tdata-frame_999=\"o:0;tp:600;e:nothing;st:w;sp:310;sR:1210;\"\n\t\t\t\t\t\t\t\tstyle=\"z-index:9;font-family:'Open Sans';text-shadow:0px 2px 5px rgba(0, 0, 0, 0.6);\"\n\t\t\t\t\t\t\t>Traditional framework, wooden frame house, cladding...\n \n\t\t\t\t\t\t\t<\/rs-layer><!--\n\n\t\t\t\t\t\t\t--><rs-layer\n\t\t\t\t\t\t\t\tid=\"slider-5-slide-7-layer-6\" \n\t\t\t\t\t\t\t\tclass=\"Fashion-BigDisplay\"\n\t\t\t\t\t\t\t\tdata-type=\"text\"\n\t\t\t\t\t\t\t\tdata-color=\"rgba(255, 255, 255, 1)\"\n\t\t\t\t\t\t\t\tdata-rsp_ch=\"on\"\n\t\t\t\t\t\t\t\tdata-xy=\"x:c;xo:36px;y:c;yo:82px;\"\n\t\t\t\t\t\t\t\tdata-text=\"s:50;l:60;ls:2px;fw:600;\"\n\t\t\t\t\t\t\t\tdata-frame_0=\"y:100%;tp:600;\"\n\t\t\t\t\t\t\t\tdata-frame_0_mask=\"u:t;y:100%;\"\n\t\t\t\t\t\t\t\tdata-frame_1=\"tp:600;e:Quad.easeInOut;sp:1420;\"\n\t\t\t\t\t\t\t\tdata-frame_1_mask=\"u:t;\"\n\t\t\t\t\t\t\t\tdata-frame_999=\"o:0;tp:600;e:nothing;st:w;sp:310;sR:3590;\"\n\t\t\t\t\t\t\t\tstyle=\"z-index:8;font-family:'Open Sans';text-shadow:0 1px 1px rgba(0, 0, 0, 0.7);\"\n\t\t\t\t\t\t\t>FRAME &amp; WOOD SOLUTIONS\n \n\t\t\t\t\t\t\t<\/rs-layer><!--\n-->\t\t\t\t\t\t<\/rs-slide>\n\t\t\t\t\t<\/rs-slides>\n\t\t\t\t<\/rs-module>\n\t\t\t\t<script>\n\t\t\t\t\tsetREVStartSize({c: 'rev_slider_5_1',rl:[1240,1024,778,480],el:[350],gw:[1200],gh:[350],type:'hero',justify:'',layout:'fullwidth',mh:\"0\"});if (window.RS_MODULES!==undefined && window.RS_MODULES.modules!==undefined && window.RS_MODULES.modules[\"revslider51\"]!==undefined) {window.RS_MODULES.modules[\"revslider51\"].once = false;window.revapi5 = undefined;if (window.RS_MODULES.checkMinimal!==undefined) window.RS_MODULES.checkMinimal()}\n\t\t\t\t<\/script>\n\t\t\t<\/rs-module-wrap>\n\t\t\t<!-- END REVOLUTION SLIDER -->\n<div class=\"vc_empty_space\"   style=\"height: 70px\"><span class=\"vc_empty_space_inner\"><\/span><\/div><h2 style=\"text-align: left;font-family:Abril Fatface;font-weight:400;font-style:normal\" class=\"vc_custom_heading\" >FRAME<\/h2><div class=\"vc_empty_space\"   style=\"height: 70px\"><span class=\"vc_empty_space_inner\"><\/span><\/div>\n\t<div class=\"wpb_text_column wpb_content_element\" >\n\t\t<div class=\"wpb_wrapper\">\n\t\t\t<p style=\"text-align: justify;\">For several generations,<strong> the Jehanne company<\/strong>\u00a0has acquired solid know-how and combines the experience of our elders with today's techniques. All our works are drawn by CAD before implementation and verified by calculation.<\/p>\n\n\t\t<\/div>\n\t<\/div>\n<div class=\"vc_empty_space\"   style=\"height: 30px\"><span class=\"vc_empty_space_inner\"><\/span><\/div>\n\t<div class=\"wpb_text_column wpb_content_element\" >\n\t\t<div class=\"wpb_wrapper\">\n\t\t\t<h3><span style=\"color: #d3d926;\"><strong>OUR AREAS\u00a0<\/strong><\/span><\/h3>\n<h5 style=\"padding-left: 80px;\">\u2013 Traditional framework<\/h5>\n<h5 style=\"padding-left: 80px;\">\u2013 Restoration of frames<\/h5>\n<h5 style=\"padding-left: 80px;\">\u2013 Roof elevations<\/h5>\n<h5 style=\"padding-left: 80px;\">\u2013 Shoring works<\/h5>\n<h5 style=\"padding-left: 80px;\">\u2013 Extensions<\/h5>\n<h5 style=\"padding-left: 80px;\">\u2013 Wooden frame house<\/h5>\n<h5 style=\"padding-left: 80px;\">- Bodyguard<\/h5>\n<h5 style=\"padding-left: 80px;\">\u2013 Terraces<\/h5>\n\n\t\t<\/div>\n\t<\/div>\n<div class=\"vc_empty_space\"   style=\"height: 30px\"><span class=\"vc_empty_space_inner\"><\/span><\/div><div class=\"vc_separator wpb_content_element vc_separator_align_center vc_sep_width_100 vc_sep_pos_align_center vc_separator_no_text vc_sep_color_grey\" ><span class=\"vc_sep_holder vc_sep_holder_l\"><span  class=\"vc_sep_line\"><\/span><\/span><span class=\"vc_sep_holder vc_sep_holder_r\"><span  class=\"vc_sep_line\"><\/span><\/span>\n<\/div><div class=\"vc_empty_space\"   style=\"height: 30px\"><span class=\"vc_empty_space_inner\"><\/span><\/div>\n\t<div  class=\"wpb_single_image wpb_content_element vc_align_left\">\n\t\t\n\t\t<figure class=\"wpb_wrapper vc_figure\">\n\t\t\t<div class=\"vc_single_image-wrapper   vc_box_border_grey\"><img loading=\"lazy\" decoding=\"async\" width=\"1024\" height=\"771\" src=\"https:\/\/jehannecharpente.fr\/wp-content\/uploads\/2019\/11\/oss-5.jpg\" class=\"vc_single_image-img attachment-full\" alt=\"charpente bois\" title=\"oss 5\" srcset=\"https:\/\/jehannecharpente.fr\/wp-content\/uploads\/2019\/11\/oss-5.jpg 1024w, https:\/\/jehannecharpente.fr\/wp-content\/uploads\/2019\/11\/oss-5-300x226.jpg 300w, https:\/\/jehannecharpente.fr\/wp-content\/uploads\/2019\/11\/oss-5-768x578.jpg 768w\" sizes=\"(max-width: 1024px) 100vw, 1024px\" \/><\/div>\n\t\t<\/figure>\n\t<\/div>\n<div class=\"vc_empty_space\"   style=\"height: 30px\"><span class=\"vc_empty_space_inner\"><\/span><\/div>\n\t<div class=\"wpb_text_column wpb_content_element\" >\n\t\t<div class=\"wpb_wrapper\">\n\t\t\t<p style=\"text-align: justify;\">Our teams of experienced carpenters work on all types of traditional framing and wooden construction. We work with individuals, communities and development companies for the construction of houses, buildings, schools, etc.<\/p>\n<h3><span style=\"color: #d3d926;\"><strong>OUR QUALIFICATIONS\u00a0<\/strong><\/span><\/h3>\n<ul>\n<li style=\"list-style-type: none;\">\n<ul>\n<li style=\"list-style-type: none;\">\n<ul>\n<li style=\"list-style-type: none;\">\n<ul>\n<li class=\"firstItem\">Recognized by the Grenelle Environment Forum,<\/li>\n<li>Carpentry qualification,<\/li>\n<li class=\"lastItem\">Wood Frame Qualification<\/li>\n<\/ul>\n<\/li>\n<\/ul>\n<\/li>\n<\/ul>\n<\/li>\n<\/ul>\n\n\t\t<\/div>\n\t<\/div>\n<div class=\"vc_empty_space\"   style=\"height: 70px\"><span class=\"vc_empty_space_inner\"><\/span><\/div>\n\t<div class=\"wpb_text_column wpb_content_element\" >\n\t\t<div class=\"wpb_wrapper\">\n\t\t\t<h3 class=\"vc_custom_heading\" style=\"text-align: center;\"><strong>Entrust us with all your work, we will be able to respond to all your requests!<\/strong><\/h3>\n\n\t\t<\/div>\n\t<\/div>\n<div class=\"ubtn-ctn-center\"><a class=\"ubtn-link ult-adjust-bottom-margin ubtn-center ubtn-large\" href=\"http:\/\/jehannecharpente.fr\/en\/NOUVEAUSITE\/contactez-nous\/\" title=\"contact us !\" target=\"_blank\" rel=\"noopener\" ><button type=\"button\" id=\"ubtn-2612\"  class=\"ubtn ult-adjust-bottom-margin ult-responsive ubtn-large ubtn-fade-bg  ulta-pulse-grow  ubtn-center   tooltip-69eae60e2639b\"  data-hover=\"#ffffff\" data-border-color=\"\" data-bg=\"#d3d926\" data-hover-bg=\"#d3d926\" data-border-hover=\"\" data-shadow-hover=\"\" data-shadow-click=\"none\" data-shadow=\"\" data-shd-shadow=\"\"  data-ultimate-target='#ubtn-2612'  data-responsive-json-new='{\"font-size\":\"desktop:15px;\",\"line-height\":\"desktop:15px;\"}'  style=\"font-weight:bold;border:none;background: #d3d926;color: #ffffff;\"><span class=\"ubtn-hover\" style=\"background-color:#d3d926\"><\/span><span class=\"ubtn-data ubtn-text\" >CONTACT US !<\/span><\/button><\/a><\/div><div class=\"vc_empty_space\"   style=\"height: 70px\"><span class=\"vc_empty_space_inner\"><\/span><\/div><\/div><\/div><\/div><\/div><\/div><\/div>","protected":false},"excerpt":{"rendered":"Charpente traditionnelle, maison ossature bois, bardage ... CHARPENTE & SOLUTIONS BOIS CHARPENTE Depuis plusieurs g\u00e9n\u00e9rations, l'entreprise Jehanne\u00a0a acquis un solide savoir-faire et allie l'exp\u00e9rience de nos anciens avec les techniques d'aujourd'hui. Tous nos ouvrages sont dessin\u00e9s par CAO avant la mise en oeuvre et v\u00e9rifi\u00e9s par le calcul. NOS DOMAINES\u00a0 - Charpente traditionnelle - Restauration ...","protected":false},"author":1,"featured_media":0,"parent":129,"menu_order":0,"comment_status":"closed","ping_status":"closed","template":"","meta":{"footnotes":""},"class_list":["post-395","page","type-page","status-publish","hentry"],"yoast_head":"<!-- This site is optimized with the Yoast SEO plugin v23.1 - https:\/\/yoast.com\/wordpress\/plugins\/seo\/ -->\n<title>JEHANNE CHARPENTE I Charpente bois et construction \u00e0 ossature bois<\/title>\n<meta name=\"description\" content=\"CHARPENTE BOIS : Jehanne Charpente fabrique et pose des charpentes bois traditionnelles et r\u00e9alise des constructions \u00e0 ossature bois...\" \/>\n<meta name=\"robots\" content=\"index, follow, max-snippet:-1, max-image-preview:large, max-video-preview:-1\" \/>\n<link rel=\"canonical\" href=\"https:\/\/jehannecharpente.fr\/en\/savoir-faire\/charpente-bois\/\" \/>\n<meta property=\"og:locale\" content=\"en_GB\" \/>\n<meta property=\"og:type\" content=\"article\" \/>\n<meta property=\"og:title\" content=\"JEHANNE CHARPENTE I Charpente bois et construction \u00e0 ossature bois\" \/>\n<meta property=\"og:description\" content=\"CHARPENTE BOIS : Jehanne Charpente fabrique et pose des charpentes bois traditionnelles et r\u00e9alise des constructions \u00e0 ossature bois...\" \/>\n<meta property=\"og:url\" content=\"https:\/\/jehannecharpente.fr\/en\/savoir-faire\/charpente-bois\/\" \/>\n<meta property=\"og:site_name\" content=\"Jehanne Charpente\" \/>\n<meta property=\"article:modified_time\" content=\"2024-04-16T19:58:43+00:00\" \/>\n<meta name=\"twitter:card\" content=\"summary_large_image\" \/>\n<meta name=\"twitter:label1\" content=\"Estimated reading time\" \/>\n\t<meta name=\"twitter:data1\" content=\"2 minutes\" \/>\n<script type=\"application\/ld+json\" class=\"yoast-schema-graph\">{\"@context\":\"https:\/\/schema.org\",\"@graph\":[{\"@type\":\"WebPage\",\"@id\":\"https:\/\/jehannecharpente.fr\/savoir-faire\/charpente-bois\/\",\"url\":\"https:\/\/jehannecharpente.fr\/savoir-faire\/charpente-bois\/\",\"name\":\"JEHANNE CHARPENTE I Charpente bois et construction \u00e0 ossature bois\",\"isPartOf\":{\"@id\":\"https:\/\/jehannecharpente.fr\/#website\"},\"datePublished\":\"2019-11-02T20:38:13+00:00\",\"dateModified\":\"2024-04-16T19:58:43+00:00\",\"description\":\"CHARPENTE BOIS : Jehanne Charpente fabrique et pose des charpentes bois traditionnelles et r\u00e9alise des constructions \u00e0 ossature bois...\",\"breadcrumb\":{\"@id\":\"https:\/\/jehannecharpente.fr\/savoir-faire\/charpente-bois\/#breadcrumb\"},\"inLanguage\":\"en-GB\",\"potentialAction\":[{\"@type\":\"ReadAction\",\"target\":[\"https:\/\/jehannecharpente.fr\/savoir-faire\/charpente-bois\/\"]}]},{\"@type\":\"BreadcrumbList\",\"@id\":\"https:\/\/jehannecharpente.fr\/savoir-faire\/charpente-bois\/#breadcrumb\",\"itemListElement\":[{\"@type\":\"ListItem\",\"position\":1,\"name\":\"Accueil\",\"item\":\"https:\/\/jehannecharpente.fr\/\"},{\"@type\":\"ListItem\",\"position\":2,\"name\":\"Savoir-faire\",\"item\":\"https:\/\/jehannecharpente.fr\/savoir-faire\/\"},{\"@type\":\"ListItem\",\"position\":3,\"name\":\"Charpente\"}]},{\"@type\":\"WebSite\",\"@id\":\"https:\/\/jehannecharpente.fr\/#website\",\"url\":\"https:\/\/jehannecharpente.fr\/\",\"name\":\"Jehanne Charpente\",\"description\":\"Charpente, Maison ossature bois, bardage I Saint-Malo\",\"potentialAction\":[{\"@type\":\"SearchAction\",\"target\":{\"@type\":\"EntryPoint\",\"urlTemplate\":\"https:\/\/jehannecharpente.fr\/?s={search_term_string}\"},\"query-input\":\"required name=search_term_string\"}],\"inLanguage\":\"en-GB\"}]}<\/script>\n<!-- \/ Yoast SEO plugin. -->","yoast_head_json":{"title":"JEHANNE CHARPENTE I Charpente bois et construction \u00e0 ossature bois","description":"CHARPENTE BOIS : Jehanne Charpente fabrique et pose des charpentes bois traditionnelles et r\u00e9alise des constructions \u00e0 ossature bois...","robots":{"index":"index","follow":"follow","max-snippet":"max-snippet:-1","max-image-preview":"max-image-preview:large","max-video-preview":"max-video-preview:-1"},"canonical":"https:\/\/jehannecharpente.fr\/en\/savoir-faire\/charpente-bois\/","og_locale":"en_GB","og_type":"article","og_title":"JEHANNE CHARPENTE I Charpente bois et construction \u00e0 ossature bois","og_description":"CHARPENTE BOIS : Jehanne Charpente fabrique et pose des charpentes bois traditionnelles et r\u00e9alise des constructions \u00e0 ossature bois...","og_url":"https:\/\/jehannecharpente.fr\/en\/savoir-faire\/charpente-bois\/","og_site_name":"Jehanne Charpente","article_modified_time":"2024-04-16T19:58:43+00:00","twitter_card":"summary_large_image","twitter_misc":{"Estimated reading time":"2 minutes"},"schema":{"@context":"https:\/\/schema.org","@graph":[{"@type":"WebPage","@id":"https:\/\/jehannecharpente.fr\/savoir-faire\/charpente-bois\/","url":"https:\/\/jehannecharpente.fr\/savoir-faire\/charpente-bois\/","name":"JEHANNE CHARPENTE I Charpente bois et construction \u00e0 ossature bois","isPartOf":{"@id":"https:\/\/jehannecharpente.fr\/#website"},"datePublished":"2019-11-02T20:38:13+00:00","dateModified":"2024-04-16T19:58:43+00:00","description":"CHARPENTE BOIS : Jehanne Charpente fabrique et pose des charpentes bois traditionnelles et r\u00e9alise des constructions \u00e0 ossature bois...","breadcrumb":{"@id":"https:\/\/jehannecharpente.fr\/savoir-faire\/charpente-bois\/#breadcrumb"},"inLanguage":"en-GB","potentialAction":[{"@type":"ReadAction","target":["https:\/\/jehannecharpente.fr\/savoir-faire\/charpente-bois\/"]}]},{"@type":"BreadcrumbList","@id":"https:\/\/jehannecharpente.fr\/savoir-faire\/charpente-bois\/#breadcrumb","itemListElement":[{"@type":"ListItem","position":1,"name":"Accueil","item":"https:\/\/jehannecharpente.fr\/"},{"@type":"ListItem","position":2,"name":"Savoir-faire","item":"https:\/\/jehannecharpente.fr\/savoir-faire\/"},{"@type":"ListItem","position":3,"name":"Charpente"}]},{"@type":"WebSite","@id":"https:\/\/jehannecharpente.fr\/#website","url":"https:\/\/jehannecharpente.fr\/","name":"Jehanne Charpente","description":"Charpente, Maison ossature bois, bardage I Saint-Malo","potentialAction":[{"@type":"SearchAction","target":{"@type":"EntryPoint","urlTemplate":"https:\/\/jehannecharpente.fr\/?s={search_term_string}"},"query-input":"required name=search_term_string"}],"inLanguage":"en-GB"}]}},"_links":{"self":[{"href":"https:\/\/jehannecharpente.fr\/en\/wp-json\/wp\/v2\/pages\/395"}],"collection":[{"href":"https:\/\/jehannecharpente.fr\/en\/wp-json\/wp\/v2\/pages"}],"about":[{"href":"https:\/\/jehannecharpente.fr\/en\/wp-json\/wp\/v2\/types\/page"}],"author":[{"embeddable":true,"href":"https:\/\/jehannecharpente.fr\/en\/wp-json\/wp\/v2\/users\/1"}],"replies":[{"embeddable":true,"href":"https:\/\/jehannecharpente.fr\/en\/wp-json\/wp\/v2\/comments?post=395"}],"version-history":[{"count":17,"href":"https:\/\/jehannecharpente.fr\/en\/wp-json\/wp\/v2\/pages\/395\/revisions"}],"predecessor-version":[{"id":634,"href":"https:\/\/jehannecharpente.fr\/en\/wp-json\/wp\/v2\/pages\/395\/revisions\/634"}],"up":[{"embeddable":true,"href":"https:\/\/jehannecharpente.fr\/en\/wp-json\/wp\/v2\/pages\/129"}],"wp:attachment":[{"href":"https:\/\/jehannecharpente.fr\/en\/wp-json\/wp\/v2\/media?parent=395"}],"curies":[{"name":"wp","href":"https:\/\/api.w.org\/{rel}","templated":true}]}}