{"id":127,"date":"2019-11-01T22:08:17","date_gmt":"2019-11-01T21:08:17","guid":{"rendered":"http:\/\/jehannecharpente.fr\/NOUVEAUSITE\/?page_id=127"},"modified":"2024-07-17T11:55:37","modified_gmt":"2024-07-17T09:55:37","slug":"societe","status":"publish","type":"page","link":"https:\/\/jehannecharpente.fr\/en\/societe\/","title":{"rendered":"Company"},"content":{"rendered":"<div class=\"crane-section\"><div class=\"crane-container\"><div class=\"crane-background\" style=\"background-color: #fafafa;\"><\/div><div class=\"crane-background-overlay\" style=\"background-color: #fafafa\"><\/div><div class=\"vc_row wpb_row vc_row-fluid\"><div class=\"wpb_column vc_column_container vc_col-sm-12\"><div class=\"vc_column-inner\"><div class=\"wpb_wrapper\">\n\t\t\t<!-- START INTERIEUR REVOLUTION SLIDER 6.5.15 --><p class=\"rs-p-wp-fix\"><\/p>\n\t\t\t<rs-module-wrap id=\"rev_slider_5_1_wrapper\" data-source=\"gallery\" style=\"visibility:hidden;background:#878787;padding:0;margin:0px auto;margin-top:0;margin-bottom:0;\">\n\t\t\t\t<rs-module id=\"rev_slider_5_1\" style=\"\" data-version=\"6.5.15\">\n\t\t\t\t\t<rs-slides>\n\t\t\t\t\t\t<rs-slide style=\"position: absolute;\" data-key=\"rs-7\" data-title=\"Slide\" data-duration=\"5010\" data-anim=\"r:0;\" data-in=\"o:0;\" data-out=\"a:false;\" data-mediafilter=\"willow\">\n\t\t\t\t\t\t\t<img decoding=\"async\" src=\"\/\/jehannecharpente.fr\/wp-content\/plugins\/revslider\/public\/assets\/assets\/dummy.png\" alt=\"\" title=\"Company\" class=\"rev-slidebg tp-rs-img rs-lazyload\" data-lazyload=\"\/\/jehannecharpente.fr\/wp-content\/uploads\/2019\/11\/main_bg.jpg\" data-no-retina>\n<!--\n\t\t\t\t\t\t\t--><rs-layer\n\t\t\t\t\t\t\t\tid=\"slider-5-slide-7-layer-2\" \n\t\t\t\t\t\t\t\tclass=\"Gym-Subline\"\n\t\t\t\t\t\t\t\tdata-type=\"text\"\n\t\t\t\t\t\t\t\tdata-color=\"rgba(255, 255, 255, 1)\"\n\t\t\t\t\t\t\t\tdata-rsp_ch=\"on\"\n\t\t\t\t\t\t\t\tdata-xy=\"x:c;xo:43px;y:c;yo:140px;\"\n\t\t\t\t\t\t\t\tdata-text=\"s:22;l:30;ls:5px;\"\n\t\t\t\t\t\t\t\tdata-frame_0=\"y:100%;tp:600;\"\n\t\t\t\t\t\t\t\tdata-frame_0_mask=\"u:t;y:100%;\"\n\t\t\t\t\t\t\t\tdata-frame_1=\"tp:600;e:power2.inOut;st:800;sp:3000;sR:800;\"\n\t\t\t\t\t\t\t\tdata-frame_1_mask=\"u:t;\"\n\t\t\t\t\t\t\t\tdata-frame_999=\"o:0;tp:600;e:nothing;st:w;sp:310;sR:1210;\"\n\t\t\t\t\t\t\t\tstyle=\"z-index:9;font-family:'Open Sans';text-shadow:0px 2px 5px rgba(0, 0, 0, 0.6);\"\n\t\t\t\t\t\t\t>Traditional framework, wooden frame house, cladding...\n \n\t\t\t\t\t\t\t<\/rs-layer><!--\n\n\t\t\t\t\t\t\t--><rs-layer\n\t\t\t\t\t\t\t\tid=\"slider-5-slide-7-layer-6\" \n\t\t\t\t\t\t\t\tclass=\"Fashion-BigDisplay\"\n\t\t\t\t\t\t\t\tdata-type=\"text\"\n\t\t\t\t\t\t\t\tdata-color=\"rgba(255, 255, 255, 1)\"\n\t\t\t\t\t\t\t\tdata-rsp_ch=\"on\"\n\t\t\t\t\t\t\t\tdata-xy=\"x:c;xo:36px;y:c;yo:82px;\"\n\t\t\t\t\t\t\t\tdata-text=\"s:50;l:60;ls:2px;fw:600;\"\n\t\t\t\t\t\t\t\tdata-frame_0=\"y:100%;tp:600;\"\n\t\t\t\t\t\t\t\tdata-frame_0_mask=\"u:t;y:100%;\"\n\t\t\t\t\t\t\t\tdata-frame_1=\"tp:600;e:Quad.easeInOut;sp:1420;\"\n\t\t\t\t\t\t\t\tdata-frame_1_mask=\"u:t;\"\n\t\t\t\t\t\t\t\tdata-frame_999=\"o:0;tp:600;e:nothing;st:w;sp:310;sR:3590;\"\n\t\t\t\t\t\t\t\tstyle=\"z-index:8;font-family:'Open Sans';text-shadow:0 1px 1px rgba(0, 0, 0, 0.7);\"\n\t\t\t\t\t\t\t>FRAME &amp; WOOD SOLUTIONS\n \n\t\t\t\t\t\t\t<\/rs-layer><!--\n-->\t\t\t\t\t\t<\/rs-slide>\n\t\t\t\t\t<\/rs-slides>\n\t\t\t\t<\/rs-module>\n\t\t\t\t<script>\n\t\t\t\t\tsetREVStartSize({c: 'rev_slider_5_1',rl:[1240,1024,778,480],el:[350],gw:[1200],gh:[350],type:'hero',justify:'',layout:'fullwidth',mh:\"0\"});if (window.RS_MODULES!==undefined && window.RS_MODULES.modules!==undefined && window.RS_MODULES.modules[\"revslider51\"]!==undefined) {window.RS_MODULES.modules[\"revslider51\"].once = false;window.revapi5 = undefined;if (window.RS_MODULES.checkMinimal!==undefined) window.RS_MODULES.checkMinimal()}\n\t\t\t\t<\/script>\n\t\t\t<\/rs-module-wrap>\n\t\t\t<!-- END REVOLUTION SLIDER -->\n<div class=\"vc_empty_space\"   style=\"height: 20px\"><span class=\"vc_empty_space_inner\"><\/span><\/div>\n\t<div  class=\"wpb_single_image wpb_content_element vc_align_center\">\n\t\t\n\t\t<figure class=\"wpb_wrapper vc_figure\">\n\t\t\t<div class=\"vc_single_image-wrapper   vc_box_border_grey\"><img loading=\"lazy\" decoding=\"async\" class=\"vc_single_image-img\" src=\"https:\/\/jehannecharpente.fr\/wp-content\/uploads\/2019\/11\/cropped-LOGO-JEHANNE-CHARPENTE-455x200.png\" width=\"455\" height=\"200\" alt=\"cropped-LOGO-JEHANNE-CHARPENTE.png\" title=\"cropped-LOGO-JEHANNE-CHARPENTE.png\" \/><\/div>\n\t\t<\/figure>\n\t<\/div>\n<div class=\"vc_empty_space\"   style=\"height: 20px\"><span class=\"vc_empty_space_inner\"><\/span><\/div><div class=\"vc_separator wpb_content_element vc_separator_align_center vc_sep_width_100 vc_sep_border_width_4 vc_sep_pos_align_center vc_separator_no_text\" ><span class=\"vc_sep_holder vc_sep_holder_l\"><span  style=\"border-color:#d3d827;\" class=\"vc_sep_line\"><\/span><\/span><span class=\"vc_sep_holder vc_sep_holder_r\"><span  style=\"border-color:#d3d827;\" class=\"vc_sep_line\"><\/span><\/span>\n<\/div><div class=\"vc_empty_space\"   style=\"height: 20px\"><span class=\"vc_empty_space_inner\"><\/span><\/div><div class=\"vc_row wpb_row vc_inner vc_row-fluid\"><div class=\"wpb_column vc_column_container vc_col-sm-6\"><div class=\"vc_column-inner\"><div class=\"wpb_wrapper\">\n\t<div  class=\"wpb_single_image wpb_content_element vc_align_right\">\n\t\t\n\t\t<figure class=\"wpb_wrapper vc_figure\">\n\t\t\t<div class=\"vc_single_image-wrapper   vc_box_border_grey\"><img loading=\"lazy\" decoding=\"async\" class=\"vc_single_image-img\" src=\"https:\/\/jehannecharpente.fr\/wp-content\/uploads\/2024\/06\/20240607_162255-2-scaled-1000x400.jpg\" width=\"1000\" height=\"400\" alt=\"20240607_162255 2\" title=\"20240607_162255 2\" \/><\/div>\n\t\t<\/figure>\n\t<\/div>\n<\/div><\/div><\/div><div class=\"wpb_column vc_column_container vc_col-sm-6\"><div class=\"vc_column-inner\"><div class=\"wpb_wrapper\">\n\t<div class=\"wpb_text_column wpb_content_element\" >\n\t\t<div class=\"wpb_wrapper\">\n\t\t\t<blockquote><p>\n<strong>Jehanne Charpentes et solutions bois is a carpentry and joinery company with family values \u200b\u200banchored for several generations and recognized in the Saint-Malo sector. Jehanne Charpente works with respect for the environment and sustainable development.Partner of architects or project managers, we now employ around thirty qualified and experienced employees.<\/strong>\n<\/p><\/blockquote>\n\n\t\t<\/div>\n\t<\/div>\n<\/div><\/div><\/div><\/div><div class=\"vc_empty_space\"   style=\"height: 20px\"><span class=\"vc_empty_space_inner\"><\/span><\/div><div class=\"vc_separator wpb_content_element vc_separator_align_center vc_sep_width_100 vc_sep_border_width_4 vc_sep_pos_align_center vc_separator_no_text\" ><span class=\"vc_sep_holder vc_sep_holder_l\"><span  style=\"border-color:#d3d827;\" class=\"vc_sep_line\"><\/span><\/span><span class=\"vc_sep_holder vc_sep_holder_r\"><span  style=\"border-color:#d3d827;\" class=\"vc_sep_line\"><\/span><\/span>\n<\/div><div class=\"vc_empty_space\"   style=\"height: 30px\"><span class=\"vc_empty_space_inner\"><\/span><\/div><div class=\"vc_row wpb_row vc_inner vc_row-fluid\"><div class=\"wpb_column vc_column_container vc_col-sm-6\"><div class=\"vc_column-inner\"><div class=\"wpb_wrapper\">\n\t<div class=\"wpb_text_column wpb_content_element  vc_custom_1721210128065\" >\n\t\t<div class=\"wpb_wrapper\">\n\t\t\t<h3><span style=\"color: #d3d926;\"><strong>OUR EXPERTISE<\/strong><\/span><\/h3>\n<h4 style=\"padding-left: 40px;\"><span class=\"Apple-style-span\">\u2013 Traditional framework<\/span><\/h4>\n<h4><span class=\"Apple-style-span\">\u00a0 \u00a0 \u00a0 \u00a0 \u00a0 &#8211; <\/span><span class=\"Apple-style-span\">Wooden frame house<\/span><\/h4>\n<h4><span class=\"Apple-style-span\">\u00a0 \u00a0 \u00a0 \u00a0 \u00a0 &#8211; <\/span><span class=\"Apple-style-span\">Installation of joinery,<\/span><\/h4>\n<h4><span class=\"Apple-style-span\">\u00a0 \u00a0 \u00a0 \u00a0 \u00a0 &#8211; <\/span><span class=\"Apple-style-span\">Cladding,<\/span><\/h4>\n<h4><span class=\"Apple-style-span\">\u00a0 \u00a0 \u00a0 \u00a0 \u00a0 &#8211; <\/span><span class=\"Apple-style-span\">Ecological insulation,<\/span><\/h4>\n<h4><span class=\"Apple-style-span\">\u00a0 \u00a0 \u00a0 \u00a0 \u00a0 &#8211; <\/span>Terrace and outdoor facilities\u2026<\/h4>\n\n\t\t<\/div>\n\t<\/div>\n<div class=\"vc_empty_space\"   style=\"height: 15px\"><span class=\"vc_empty_space_inner\"><\/span><\/div><\/div><\/div><\/div><div class=\"wpb_column vc_column_container vc_col-sm-6\"><div class=\"vc_column-inner\"><div class=\"wpb_wrapper\"><div class=\"wpb_images_carousel wpb_content_element vc_clearfix vc_custom_1721210083761\"><div class=\"wpb_wrapper\"><div id=\"vc_images-carousel-1-1777157802\" data-ride=\"vc_carousel\" data-wrap=\"true\" style=\"width: 400px;\" data-interval=\"5000\" data-auto-height=\"yes\" data-mode=\"horizontal\" data-partial=\"false\" data-per-view=\"1\" data-hide-on-end=\"false\" class=\"vc_slide vc_images_carousel\"><ol class=\"vc_carousel-indicators\"><li data-target=\"#vc_images-carousel-1-1777157802\" data-slide-to=\"0\"><\/li><li data-target=\"#vc_images-carousel-1-1777157802\" data-slide-to=\"1\"><\/li><li data-target=\"#vc_images-carousel-1-1777157802\" data-slide-to=\"2\"><\/li><li data-target=\"#vc_images-carousel-1-1777157802\" data-slide-to=\"3\"><\/li><li data-target=\"#vc_images-carousel-1-1777157802\" data-slide-to=\"4\"><\/li><li data-target=\"#vc_images-carousel-1-1777157802\" data-slide-to=\"5\"><\/li><li data-target=\"#vc_images-carousel-1-1777157802\" data-slide-to=\"6\"><\/li><\/ol><div class=\"vc_carousel-inner\"><div class=\"vc_carousel-slideline\"><div class=\"vc_carousel-slideline-inner\"><div class=\"vc_item\"><div class=\"vc_inner\"><a class=\"\" href=\"https:\/\/jehannecharpente.fr\/wp-content\/uploads\/2024\/07\/WhatsApp-Image-2023-12-21-a-13.04.46_b77b0d95-768x1024.jpg\" data-lightbox=\"lightbox[rel-127-0]\"><img loading=\"lazy\" decoding=\"async\" class=\"\" src=\"https:\/\/jehannecharpente.fr\/wp-content\/uploads\/2024\/07\/WhatsApp-Image-2023-12-21-a-13.04.46_b77b0d95-400x400.jpg\" width=\"400\" height=\"400\" alt=\"WhatsApp Image 2023-12-21 \u00e0 13.04.46_b77b0d95\" title=\"WhatsApp Image 2023-12-21 \u00e0 13.04.46_b77b0d95\" \/><\/a><\/div><\/div><div class=\"vc_item\"><div class=\"vc_inner\"><a class=\"\" href=\"https:\/\/jehannecharpente.fr\/wp-content\/uploads\/2024\/07\/WhatsApp-Image-2024-06-27-a-13.18.51_809f7a79-1024x768.jpg\" data-lightbox=\"lightbox[rel-127-0]\"><img loading=\"lazy\" decoding=\"async\" class=\"\" src=\"https:\/\/jehannecharpente.fr\/wp-content\/uploads\/2024\/07\/WhatsApp-Image-2024-06-27-a-13.18.51_809f7a79-400x400.jpg\" width=\"400\" height=\"400\" alt=\"oss\" title=\"oss\" \/><\/a><\/div><\/div><div class=\"vc_item\"><div class=\"vc_inner\"><a class=\"\" href=\"https:\/\/jehannecharpente.fr\/wp-content\/uploads\/2024\/06\/img-bardage-maison-2-1024x607.jpg\" data-lightbox=\"lightbox[rel-127-0]\"><img loading=\"lazy\" decoding=\"async\" class=\"\" src=\"https:\/\/jehannecharpente.fr\/wp-content\/uploads\/2024\/06\/img-bardage-maison-2-400x400.jpg\" width=\"400\" height=\"400\" alt=\"img bardage maison 2\" title=\"img bardage maison 2\" \/><\/a><\/div><\/div><div class=\"vc_item\"><div class=\"vc_inner\"><a class=\"\" href=\"https:\/\/jehannecharpente.fr\/wp-content\/uploads\/2021\/01\/tube-inox-cordon-2-1024x576.jpg\" data-lightbox=\"lightbox[rel-127-0]\"><img loading=\"lazy\" decoding=\"async\" class=\"\" src=\"https:\/\/jehannecharpente.fr\/wp-content\/uploads\/2021\/01\/tube-inox-cordon-2-scaled-400x400.jpg\" width=\"400\" height=\"400\" alt=\"tube inox (cordon) (2)\" title=\"tube inox (cordon) (2)\" \/><\/a><\/div><\/div><div class=\"vc_item\"><div class=\"vc_inner\"><a class=\"\" href=\"https:\/\/jehannecharpente.fr\/wp-content\/uploads\/2021\/01\/Colcombet-1024x768.jpg\" data-lightbox=\"lightbox[rel-127-0]\"><img loading=\"lazy\" decoding=\"async\" class=\"\" src=\"https:\/\/jehannecharpente.fr\/wp-content\/uploads\/2021\/01\/Colcombet-scaled-400x400.jpg\" width=\"400\" height=\"400\" alt=\"All-focus\" title=\"All-focus\" \/><\/a><\/div><\/div><div class=\"vc_item\"><div class=\"vc_inner\"><a class=\"\" href=\"https:\/\/jehannecharpente.fr\/wp-content\/uploads\/2024\/07\/WhatsApp-Image-2024-05-24-a-16.28.14_3a69bcf4-e1721117113109-1024x681.jpg\" data-lightbox=\"lightbox[rel-127-0]\"><img loading=\"lazy\" decoding=\"async\" class=\"\" src=\"https:\/\/jehannecharpente.fr\/wp-content\/uploads\/2024\/07\/WhatsApp-Image-2024-05-24-a-16.28.14_3a69bcf4-e1721117113109-400x400.jpg\" width=\"400\" height=\"400\" alt=\"bardage\" title=\"bardage\" \/><\/a><\/div><\/div><div class=\"vc_item\"><div class=\"vc_inner\"><a class=\"\" href=\"https:\/\/jehannecharpente.fr\/wp-content\/uploads\/2019\/12\/Bardage-chataignier-d\u00e9j\u00e0-gris-SURTEL-2-777x1024.jpg\" data-lightbox=\"lightbox[rel-127-0]\"><img loading=\"lazy\" decoding=\"async\" class=\"\" src=\"https:\/\/jehannecharpente.fr\/wp-content\/uploads\/2019\/12\/Bardage-chataignier-d\u00e9j\u00e0-gris-SURTEL-2-400x400.jpg\" width=\"400\" height=\"400\" alt=\"bardage bois\" title=\"Bardage chataignier d\u00e9j\u00e0 gris (SURTEL) (2)\" \/><\/a><\/div><\/div><\/div><\/div><\/div><a class=\"vc_left vc_carousel-control\" href=\"#vc_images-carousel-1-1777157802\" data-slide=\"prev\"><span class=\"icon-prev\"><\/span><\/a><a class=\"vc_right vc_carousel-control\" href=\"#vc_images-carousel-1-1777157802\" data-slide=\"next\"><span class=\"icon-next\"><\/span><\/a><\/div><\/div><\/div><\/div><\/div><\/div><\/div><div class=\"vc_empty_space\"   style=\"height: 30px\"><span class=\"vc_empty_space_inner\"><\/span><\/div><div class=\"vc_separator wpb_content_element vc_separator_align_center vc_sep_width_100 vc_sep_border_width_4 vc_sep_pos_align_center vc_separator_no_text\" ><span class=\"vc_sep_holder vc_sep_holder_l\"><span  style=\"border-color:#d3d827;\" class=\"vc_sep_line\"><\/span><\/span><span class=\"vc_sep_holder vc_sep_holder_r\"><span  style=\"border-color:#d3d827;\" class=\"vc_sep_line\"><\/span><\/span>\n<\/div><div class=\"vc_empty_space\"   style=\"height: 30px\"><span class=\"vc_empty_space_inner\"><\/span><\/div>\n\t<div class=\"wpb_text_column wpb_content_element\" >\n\t\t<div class=\"wpb_wrapper\">\n\t\t\t<p style=\"text-align: justify;\"><em><strong>Our team is at your disposal to study and find with you the best solutions in order to carry out your projects in line with your desires. Our Design Office carries out execution studies and optimizes your projects. Our carpenters ensure the manufacture and installation of traditional frames, fences, terraces, cladding, joinery, interior\/exterior insulation and work in accordance with the schedule.<\/strong><\/em><\/p>\n<p style=\"text-align: justify;\"><em><strong>We ensure quality and rigor of service, which make the image of our company a strong and inseparable image of quality, which we strive to maintain and develop always at your service.<\/strong><\/em><\/p>\n\n\t\t<\/div>\n\t<\/div>\n<div class=\"vc_empty_space\"   style=\"height: 70px\"><span class=\"vc_empty_space_inner\"><\/span><\/div><div class=\"vc_row wpb_row vc_inner vc_row-fluid\"><div class=\"wpb_column vc_column_container vc_col-sm-8\"><div class=\"vc_column-inner\"><div class=\"wpb_wrapper\">\n\t<div class=\"wpb_text_column wpb_content_element  vc_custom_1721202012942\" >\n\t\t<div class=\"wpb_wrapper\">\n\t\t\t<h3 class=\"vc_custom_heading\" style=\"text-align: center;\"><strong>Entrust us with all your work, we will be able to respond to all your requests!<\/strong><\/h3>\n\n\t\t<\/div>\n\t<\/div>\n<\/div><\/div><\/div><div class=\"wpb_column vc_column_container vc_col-sm-4\"><div class=\"vc_column-inner\"><div class=\"wpb_wrapper\"><div class=\"vc_custom_1721202397622 ubtn-ctn-left\"><a class=\"ubtn-link ult-adjust-bottom-margin ubtn-left ubtn-normal\" href=\"http:\/\/jehannecharpente.fr\/en\/NOUVEAUSITE\/contactez-nous\/\" title=\"contact us !\" target=\"_blank\" rel=\"noopener\" ><button type=\"button\" id=\"ubtn-3431\"  class=\"ubtn ult-adjust-bottom-margin ult-responsive ubtn-normal ubtn-fade-bg  ulta-pulse-grow  ubtn-left   tooltip-69ed46aa65e8d\"  data-hover=\"#ffffff\" data-border-color=\"\" data-bg=\"#d3d926\" data-hover-bg=\"#d3d926\" data-border-hover=\"\" data-shadow-hover=\"\" data-shadow-click=\"none\" data-shadow=\"\" data-shd-shadow=\"\"  data-ultimate-target='#ubtn-3431'  data-responsive-json-new='{\"font-size\":\"desktop:15px;\",\"line-height\":\"desktop:15px;\"}'  style=\"font-weight:bold;border:none;background: #d3d926;color: #ffffff;\"><span class=\"ubtn-hover\" style=\"background-color:#d3d926\"><\/span><span class=\"ubtn-data ubtn-text\" >CONTACT US !<\/span><\/button><\/a><\/div><\/div><\/div><\/div><\/div><div class=\"vc_empty_space\"   style=\"height: 54px\"><span class=\"vc_empty_space_inner\"><\/span><\/div><\/div><\/div><\/div><\/div><\/div><\/div>","protected":false},"excerpt":{"rendered":"Charpente traditionnelle, maison ossature bois, bardage ... CHARPENTE & SOLUTIONS BOIS Jehanne Charpentes et solutions bois est une entreprise de charpente et de menuiserie aux valeurs familiales ancr\u00e9es depuis plusieurs g\u00e9n\u00e9rations et reconnue sur le secteur de Saint-Malo. Jehanne Charpente travaille dans le respect de l'environnement et du d\u00e9veloppement durable.\u00a0Partenaire d'architectes ou de ma\u00eetres d'oeuvre, ...","protected":false},"author":1,"featured_media":0,"parent":0,"menu_order":0,"comment_status":"closed","ping_status":"closed","template":"","meta":{"footnotes":""},"class_list":["post-127","page","type-page","status-publish","hentry"],"yoast_head":"<!-- This site is optimized with the Yoast SEO plugin v23.1 - https:\/\/yoast.com\/wordpress\/plugins\/seo\/ -->\n<title>Soci\u00e9t\u00e9 - Jehanne Charpente<\/title>\n<meta name=\"robots\" content=\"index, follow, max-snippet:-1, max-image-preview:large, max-video-preview:-1\" \/>\n<link rel=\"canonical\" href=\"https:\/\/jehannecharpente.fr\/en\/societe\/\" \/>\n<meta property=\"og:locale\" content=\"en_GB\" \/>\n<meta property=\"og:type\" content=\"article\" \/>\n<meta property=\"og:title\" content=\"Soci\u00e9t\u00e9 - Jehanne Charpente\" \/>\n<meta property=\"og:url\" content=\"https:\/\/jehannecharpente.fr\/en\/societe\/\" \/>\n<meta property=\"og:site_name\" content=\"Jehanne Charpente\" \/>\n<meta property=\"article:modified_time\" content=\"2024-07-17T09:55:37+00:00\" \/>\n<meta name=\"twitter:card\" content=\"summary_large_image\" \/>\n<meta name=\"twitter:label1\" content=\"Estimated reading time\" \/>\n\t<meta name=\"twitter:data1\" content=\"3 minutes\" \/>\n<script type=\"application\/ld+json\" class=\"yoast-schema-graph\">{\"@context\":\"https:\/\/schema.org\",\"@graph\":[{\"@type\":\"WebPage\",\"@id\":\"https:\/\/jehannecharpente.fr\/societe\/\",\"url\":\"https:\/\/jehannecharpente.fr\/societe\/\",\"name\":\"Soci\u00e9t\u00e9 - Jehanne Charpente\",\"isPartOf\":{\"@id\":\"https:\/\/jehannecharpente.fr\/#website\"},\"datePublished\":\"2019-11-01T21:08:17+00:00\",\"dateModified\":\"2024-07-17T09:55:37+00:00\",\"breadcrumb\":{\"@id\":\"https:\/\/jehannecharpente.fr\/societe\/#breadcrumb\"},\"inLanguage\":\"en-GB\",\"potentialAction\":[{\"@type\":\"ReadAction\",\"target\":[\"https:\/\/jehannecharpente.fr\/societe\/\"]}]},{\"@type\":\"BreadcrumbList\",\"@id\":\"https:\/\/jehannecharpente.fr\/societe\/#breadcrumb\",\"itemListElement\":[{\"@type\":\"ListItem\",\"position\":1,\"name\":\"Accueil\",\"item\":\"https:\/\/jehannecharpente.fr\/\"},{\"@type\":\"ListItem\",\"position\":2,\"name\":\"Soci\u00e9t\u00e9\"}]},{\"@type\":\"WebSite\",\"@id\":\"https:\/\/jehannecharpente.fr\/#website\",\"url\":\"https:\/\/jehannecharpente.fr\/\",\"name\":\"Jehanne Charpente\",\"description\":\"Charpente, Maison ossature bois, bardage I Saint-Malo\",\"potentialAction\":[{\"@type\":\"SearchAction\",\"target\":{\"@type\":\"EntryPoint\",\"urlTemplate\":\"https:\/\/jehannecharpente.fr\/?s={search_term_string}\"},\"query-input\":\"required name=search_term_string\"}],\"inLanguage\":\"en-GB\"}]}<\/script>\n<!-- \/ Yoast SEO plugin. -->","yoast_head_json":{"title":"Soci\u00e9t\u00e9 - Jehanne Charpente","robots":{"index":"index","follow":"follow","max-snippet":"max-snippet:-1","max-image-preview":"max-image-preview:large","max-video-preview":"max-video-preview:-1"},"canonical":"https:\/\/jehannecharpente.fr\/en\/societe\/","og_locale":"en_GB","og_type":"article","og_title":"Soci\u00e9t\u00e9 - Jehanne Charpente","og_url":"https:\/\/jehannecharpente.fr\/en\/societe\/","og_site_name":"Jehanne Charpente","article_modified_time":"2024-07-17T09:55:37+00:00","twitter_card":"summary_large_image","twitter_misc":{"Estimated reading time":"3 minutes"},"schema":{"@context":"https:\/\/schema.org","@graph":[{"@type":"WebPage","@id":"https:\/\/jehannecharpente.fr\/societe\/","url":"https:\/\/jehannecharpente.fr\/societe\/","name":"Soci\u00e9t\u00e9 - Jehanne Charpente","isPartOf":{"@id":"https:\/\/jehannecharpente.fr\/#website"},"datePublished":"2019-11-01T21:08:17+00:00","dateModified":"2024-07-17T09:55:37+00:00","breadcrumb":{"@id":"https:\/\/jehannecharpente.fr\/societe\/#breadcrumb"},"inLanguage":"en-GB","potentialAction":[{"@type":"ReadAction","target":["https:\/\/jehannecharpente.fr\/societe\/"]}]},{"@type":"BreadcrumbList","@id":"https:\/\/jehannecharpente.fr\/societe\/#breadcrumb","itemListElement":[{"@type":"ListItem","position":1,"name":"Accueil","item":"https:\/\/jehannecharpente.fr\/"},{"@type":"ListItem","position":2,"name":"Soci\u00e9t\u00e9"}]},{"@type":"WebSite","@id":"https:\/\/jehannecharpente.fr\/#website","url":"https:\/\/jehannecharpente.fr\/","name":"Jehanne Charpente","description":"Charpente, Maison ossature bois, bardage I Saint-Malo","potentialAction":[{"@type":"SearchAction","target":{"@type":"EntryPoint","urlTemplate":"https:\/\/jehannecharpente.fr\/?s={search_term_string}"},"query-input":"required name=search_term_string"}],"inLanguage":"en-GB"}]}},"_links":{"self":[{"href":"https:\/\/jehannecharpente.fr\/en\/wp-json\/wp\/v2\/pages\/127"}],"collection":[{"href":"https:\/\/jehannecharpente.fr\/en\/wp-json\/wp\/v2\/pages"}],"about":[{"href":"https:\/\/jehannecharpente.fr\/en\/wp-json\/wp\/v2\/types\/page"}],"author":[{"embeddable":true,"href":"https:\/\/jehannecharpente.fr\/en\/wp-json\/wp\/v2\/users\/1"}],"replies":[{"embeddable":true,"href":"https:\/\/jehannecharpente.fr\/en\/wp-json\/wp\/v2\/comments?post=127"}],"version-history":[{"count":77,"href":"https:\/\/jehannecharpente.fr\/en\/wp-json\/wp\/v2\/pages\/127\/revisions"}],"predecessor-version":[{"id":741,"href":"https:\/\/jehannecharpente.fr\/en\/wp-json\/wp\/v2\/pages\/127\/revisions\/741"}],"wp:attachment":[{"href":"https:\/\/jehannecharpente.fr\/en\/wp-json\/wp\/v2\/media?parent=127"}],"curies":[{"name":"wp","href":"https:\/\/api.w.org\/{rel}","templated":true}]}}