{"id":121,"date":"2019-11-01T22:05:00","date_gmt":"2019-11-01T21:05:00","guid":{"rendered":"http:\/\/jehannecharpente.fr\/NOUVEAUSITE\/?page_id=121"},"modified":"2024-07-16T10:22:45","modified_gmt":"2024-07-16T08:22:45","slug":"jehanne-chapente","status":"publish","type":"page","link":"https:\/\/jehannecharpente.fr\/en\/","title":{"rendered":"Welcome"},"content":{"rendered":"<div class=\"crane-section\"><div class=\"crane-container\"><div class=\"vc_row wpb_row vc_row-fluid\"><div class=\"wpb_column vc_column_container vc_col-sm-12\"><div class=\"vc_column-inner\"><div class=\"wpb_wrapper\">\n\t\t\t<!-- START INTERIEUR REVOLUTION SLIDER 6.5.15 --><p class=\"rs-p-wp-fix\"><\/p>\n\t\t\t<rs-module-wrap id=\"rev_slider_5_1_wrapper\" data-source=\"gallery\" style=\"visibility:hidden;background:#878787;padding:0;margin:0px auto;margin-top:0;margin-bottom:0;\">\n\t\t\t\t<rs-module id=\"rev_slider_5_1\" style=\"\" data-version=\"6.5.15\">\n\t\t\t\t\t<rs-slides>\n\t\t\t\t\t\t<rs-slide style=\"position: absolute;\" data-key=\"rs-7\" data-title=\"Slide\" data-duration=\"5010\" data-anim=\"r:0;\" data-in=\"o:0;\" data-out=\"a:false;\" data-mediafilter=\"willow\">\n\t\t\t\t\t\t\t<img decoding=\"async\" src=\"\/\/jehannecharpente.fr\/wp-content\/plugins\/revslider\/public\/assets\/assets\/dummy.png\" alt=\"\" title=\"Welcome\" class=\"rev-slidebg tp-rs-img rs-lazyload\" data-lazyload=\"\/\/jehannecharpente.fr\/wp-content\/uploads\/2019\/11\/main_bg.jpg\" data-no-retina>\n<!--\n\t\t\t\t\t\t\t--><rs-layer\n\t\t\t\t\t\t\t\tid=\"slider-5-slide-7-layer-2\" \n\t\t\t\t\t\t\t\tclass=\"Gym-Subline\"\n\t\t\t\t\t\t\t\tdata-type=\"text\"\n\t\t\t\t\t\t\t\tdata-color=\"rgba(255, 255, 255, 1)\"\n\t\t\t\t\t\t\t\tdata-rsp_ch=\"on\"\n\t\t\t\t\t\t\t\tdata-xy=\"x:c;xo:43px;y:c;yo:140px;\"\n\t\t\t\t\t\t\t\tdata-text=\"s:22;l:30;ls:5px;\"\n\t\t\t\t\t\t\t\tdata-frame_0=\"y:100%;tp:600;\"\n\t\t\t\t\t\t\t\tdata-frame_0_mask=\"u:t;y:100%;\"\n\t\t\t\t\t\t\t\tdata-frame_1=\"tp:600;e:power2.inOut;st:800;sp:3000;sR:800;\"\n\t\t\t\t\t\t\t\tdata-frame_1_mask=\"u:t;\"\n\t\t\t\t\t\t\t\tdata-frame_999=\"o:0;tp:600;e:nothing;st:w;sp:310;sR:1210;\"\n\t\t\t\t\t\t\t\tstyle=\"z-index:9;font-family:'Open Sans';text-shadow:0px 2px 5px rgba(0, 0, 0, 0.6);\"\n\t\t\t\t\t\t\t>Traditional framework, wooden frame house, cladding...\n \n\t\t\t\t\t\t\t<\/rs-layer><!--\n\n\t\t\t\t\t\t\t--><rs-layer\n\t\t\t\t\t\t\t\tid=\"slider-5-slide-7-layer-6\" \n\t\t\t\t\t\t\t\tclass=\"Fashion-BigDisplay\"\n\t\t\t\t\t\t\t\tdata-type=\"text\"\n\t\t\t\t\t\t\t\tdata-color=\"rgba(255, 255, 255, 1)\"\n\t\t\t\t\t\t\t\tdata-rsp_ch=\"on\"\n\t\t\t\t\t\t\t\tdata-xy=\"x:c;xo:36px;y:c;yo:82px;\"\n\t\t\t\t\t\t\t\tdata-text=\"s:50;l:60;ls:2px;fw:600;\"\n\t\t\t\t\t\t\t\tdata-frame_0=\"y:100%;tp:600;\"\n\t\t\t\t\t\t\t\tdata-frame_0_mask=\"u:t;y:100%;\"\n\t\t\t\t\t\t\t\tdata-frame_1=\"tp:600;e:Quad.easeInOut;sp:1420;\"\n\t\t\t\t\t\t\t\tdata-frame_1_mask=\"u:t;\"\n\t\t\t\t\t\t\t\tdata-frame_999=\"o:0;tp:600;e:nothing;st:w;sp:310;sR:3590;\"\n\t\t\t\t\t\t\t\tstyle=\"z-index:8;font-family:'Open Sans';text-shadow:0 1px 1px rgba(0, 0, 0, 0.7);\"\n\t\t\t\t\t\t\t>FRAME &amp; WOOD SOLUTIONS\n \n\t\t\t\t\t\t\t<\/rs-layer><!--\n-->\t\t\t\t\t\t<\/rs-slide>\n\t\t\t\t\t<\/rs-slides>\n\t\t\t\t<\/rs-module>\n\t\t\t\t<script>\n\t\t\t\t\tsetREVStartSize({c: 'rev_slider_5_1',rl:[1240,1024,778,480],el:[350],gw:[1200],gh:[350],type:'hero',justify:'',layout:'fullwidth',mh:\"0\"});if (window.RS_MODULES!==undefined && window.RS_MODULES.modules!==undefined && window.RS_MODULES.modules[\"revslider51\"]!==undefined) {window.RS_MODULES.modules[\"revslider51\"].once = false;window.revapi5 = undefined;if (window.RS_MODULES.checkMinimal!==undefined) window.RS_MODULES.checkMinimal()}\n\t\t\t\t<\/script>\n\t\t\t<\/rs-module-wrap>\n\t\t\t<!-- END REVOLUTION SLIDER -->\n<\/div><\/div><\/div><\/div><\/div><\/div><div class=\"crane-section\"><div class=\"crane-container\"><div class=\"crane-background\" style=\"background-color: #fafafa;\"><\/div><div class=\"crane-background-overlay\" style=\"background-color: #fafafa\"><\/div><div class=\"vc_row wpb_row vc_row-fluid wpb_animate_when_almost_visible wpb_fadeInLeft fadeInLeft vc_column-gap-10\"><div class=\"wpb_column vc_column_container vc_col-sm-3\"><div class=\"vc_column-inner\"><div class=\"wpb_wrapper\"><div class=\"vc_empty_space\"   style=\"height: 22px\"><span class=\"vc_empty_space_inner\"><\/span><\/div>\n\t<div class=\"wpb_text_column wpb_content_element  wpb_animate_when_almost_visible wpb_bounceInLeft bounceInLeft\" >\n\t\t<div class=\"wpb_wrapper\">\n\t\t\t<h3><\/h3>\n<h3 style=\"text-align: center;\"><strong><span style=\"color: #d3d926;\"><span style=\"caret-color: #d3d926;\">FRAME<\/span><\/span><\/strong><\/h3>\n\n\t\t<\/div>\n\t<\/div>\n<div class=\"vc_empty_space\"   style=\"height: 9px\"><span class=\"vc_empty_space_inner\"><\/span><\/div><div class=\"vc-hoverbox-wrapper  vc_custom_1718814913723 vc-hoverbox-shape--square vc-hoverbox-align--center vc-hoverbox-direction--default vc-hoverbox-width--100\"  ontouchstart=\"\">\n  <div class=\"vc-hoverbox\">\n    <div class=\"vc-hoverbox-inner\">\n      <div class=\"vc-hoverbox-block vc-hoverbox-front\" style=\"background-image: url(https:\/\/jehannecharpente.fr\/wp-content\/uploads\/2024\/06\/img-charpente-1024x598.jpg);\">\n        <div class=\"vc-hoverbox-block-inner vc-hoverbox-front-inner\">\n            \n        <\/div>\n      <\/div>\n      <div class=\"vc-hoverbox-block vc-hoverbox-back\" style=\"background-color: #ebebeb;\">\n        <div class=\"vc-hoverbox-block-inner vc-hoverbox-back-inner\">\n            \n            <p style=\"text-align: center;\">Traditional framework<\/p>\n<p style=\"text-align: center;\">Restoration of frames<\/p>\n<p style=\"text-align: center;\">Roof elevations<\/p>\n\n            <div class=\"vc_btn3-container vc_btn3-center\" ><a class=\"vc_general vc_btn3 vc_btn3-size-lg vc_btn3-shape-square vc_btn3-style-modern vc_btn3-color-default\" href=\"http:\/\/jehannecharpente.fr\/en\/NOUVEAUSITE\/contactez-nous\/\" title=\"contact us !\" target=\"_blank\">CONTACT US !<\/a><\/div>\n        <\/div>\n      <\/div>\n    <\/div>\n  <\/div>\n<\/div><div class=\"vc_empty_space  vc_custom_1572721734471\"   style=\"height: 22px\"><span class=\"vc_empty_space_inner\"><\/span><\/div>\n\t<div class=\"wpb_text_column wpb_content_element\" >\n\t\t<div class=\"wpb_wrapper\">\n\t\t\t<h3><\/h3>\n<p style=\"text-align: center;\"><span style=\"color: #333333;\">Our teams of carpenters are experienced and work on all types of wooden constructions.<\/span><\/p>\n\n\t\t<\/div>\n\t<\/div>\n<div class=\"vc_empty_space\"   style=\"height: 9px\"><span class=\"vc_empty_space_inner\"><\/span><\/div><div class=\"ubtn-ctn-center\"><a class=\"ubtn-link ult-adjust-bottom-margin ubtn-center ubtn-large\" href=\"http:\/\/jehannecharpente.fr\/en\/savoir-faire\/charpente\/\" ><button type=\"button\" id=\"ubtn-3900\"  class=\"ubtn ult-adjust-bottom-margin ult-responsive ubtn-large ubtn-fade-bg  ulta-push  ubtn-center   tooltip-69d5d91fd1792\"  data-hover=\"\" data-border-color=\"\" data-bg=\"#d3d926\" data-hover-bg=\"\" data-border-hover=\"\" data-shadow-hover=\"\" data-shadow-click=\"none\" data-shadow=\"\" data-shd-shadow=\"\"  data-ultimate-target='#ubtn-3900'  data-responsive-json-new='{\"font-size\":\"desktop:15px;\",\"line-height\":\"desktop:15px;\"}'  style=\"font-weight:bold;border:none;background: #d3d926;color: #ffffff;\"><span class=\"ubtn-hover\" style=\"background-color:\"><\/span><span class=\"ubtn-data ubtn-text\" >LEARN MORE<\/span><\/button><\/a><\/div><div class=\"vc_empty_space\"   style=\"height: 20px\"><span class=\"vc_empty_space_inner\"><\/span><\/div><\/div><\/div><\/div><div class=\"wpb_column vc_column_container vc_col-sm-3\"><div class=\"vc_column-inner\"><div class=\"wpb_wrapper\"><div class=\"vc_empty_space\"   style=\"height: 22px\"><span class=\"vc_empty_space_inner\"><\/span><\/div>\n\t<div class=\"wpb_text_column wpb_content_element  wpb_animate_when_almost_visible wpb_bounceInLeft bounceInLeft\" >\n\t\t<div class=\"wpb_wrapper\">\n\t\t\t<h3><\/h3>\n<h3 style=\"text-align: center;\"><strong><span style=\"color: #d3d926;\"><span style=\"caret-color: #d3d926;\">TIMBER FRAME<\/span><\/span><\/strong><\/h3>\n\n\t\t<\/div>\n\t<\/div>\n<div class=\"vc_empty_space\"   style=\"height: 9px\"><span class=\"vc_empty_space_inner\"><\/span><\/div><div class=\"vc-hoverbox-wrapper  vc_custom_1721118024184 vc-hoverbox-shape--square vc-hoverbox-align--center vc-hoverbox-direction--default vc-hoverbox-width--100\"  ontouchstart=\"\">\n  <div class=\"vc-hoverbox\">\n    <div class=\"vc-hoverbox-inner\">\n      <div class=\"vc-hoverbox-block vc-hoverbox-front\" style=\"background-image: url(https:\/\/jehannecharpente.fr\/wp-content\/uploads\/2024\/07\/WhatsApp-Image-2024-06-27-a-13.18.51_809f7a79-1024x768.jpg);\">\n        <div class=\"vc-hoverbox-block-inner vc-hoverbox-front-inner\">\n            \n        <\/div>\n      <\/div>\n      <div class=\"vc-hoverbox-block vc-hoverbox-back\" style=\"background-color: #ebebeb;\">\n        <div class=\"vc-hoverbox-block-inner vc-hoverbox-back-inner\">\n            \n            <p style=\"text-align: center;\"><span class=\"Apple-style-span\">Wooden frame house<\/span><\/p>\n<p style=\"text-align: center;\"><span class=\"Apple-style-span\">Specific construction methods\u00a0<\/span><\/p>\n<p style=\"text-align: center;\"><span class=\"Apple-style-span\">BBC Regulations<\/span><\/p>\n\n            <div class=\"vc_btn3-container vc_btn3-center\" ><a class=\"vc_general vc_btn3 vc_btn3-size-lg vc_btn3-shape-square vc_btn3-style-modern vc_btn3-color-default\" href=\"http:\/\/jehannecharpente.fr\/en\/NOUVEAUSITE\/contactez-nous\/\" title=\"contact us !\" target=\"_blank\">CONTACT US !<\/a><\/div>\n        <\/div>\n      <\/div>\n    <\/div>\n  <\/div>\n<\/div><div class=\"vc_empty_space  vc_custom_1572721734471\"   style=\"height: 22px\"><span class=\"vc_empty_space_inner\"><\/span><\/div>\n\t<div class=\"wpb_text_column wpb_content_element\" >\n\t\t<div class=\"wpb_wrapper\">\n\t\t\t<h3><\/h3>\n<p style=\"text-align: center;\">Jehanne Charpente has been manufacturing and installing wooden frame houses in her workshop for over 30 years.<\/p>\n\n\t\t<\/div>\n\t<\/div>\n<div class=\"vc_empty_space\"   style=\"height: 9px\"><span class=\"vc_empty_space_inner\"><\/span><\/div><div class=\"ubtn-ctn-center\"><a class=\"ubtn-link ult-adjust-bottom-margin ubtn-center ubtn-large\" href=\"https:\/\/jehannecharpente.fr\/en\/savoir-faire\/maison-ossature-bois\/\" title=\"Wooden frame house\" ><button type=\"button\" id=\"ubtn-1796\"  class=\"ubtn ult-adjust-bottom-margin ult-responsive ubtn-large ubtn-fade-bg  ulta-push  ubtn-center   tooltip-69d5d91fd21ad\"  data-hover=\"\" data-border-color=\"\" data-bg=\"#d3d926\" data-hover-bg=\"\" data-border-hover=\"\" data-shadow-hover=\"\" data-shadow-click=\"none\" data-shadow=\"\" data-shd-shadow=\"\"  data-ultimate-target='#ubtn-1796'  data-responsive-json-new='{\"font-size\":\"desktop:15px;\",\"line-height\":\"desktop:15px;\"}'  style=\"font-weight:bold;border:none;background: #d3d926;color: #ffffff;\"><span class=\"ubtn-hover\" style=\"background-color:\"><\/span><span class=\"ubtn-data ubtn-text\" >LEARN MORE<\/span><\/button><\/a><\/div><div class=\"vc_empty_space\"   style=\"height: 20px\"><span class=\"vc_empty_space_inner\"><\/span><\/div><\/div><\/div><\/div><div class=\"wpb_column vc_column_container vc_col-sm-3\"><div class=\"vc_column-inner\"><div class=\"wpb_wrapper\"><div class=\"vc_empty_space\"   style=\"height: 22px\"><span class=\"vc_empty_space_inner\"><\/span><\/div>\n\t<div class=\"wpb_text_column wpb_content_element  wpb_animate_when_almost_visible wpb_bounceInLeft bounceInLeft\" >\n\t\t<div class=\"wpb_wrapper\">\n\t\t\t<h3><\/h3>\n<h3 style=\"text-align: center;\"><strong><span style=\"color: #d3d926;\"><span style=\"caret-color: #d3d926;\">CLADDING &amp; INSULATION<\/span><\/span><\/strong><\/h3>\n\n\t\t<\/div>\n\t<\/div>\n<div class=\"vc_empty_space\"   style=\"height: 9px\"><span class=\"vc_empty_space_inner\"><\/span><\/div><div class=\"vc-hoverbox-wrapper  vc_custom_1718814945686 vc-hoverbox-shape--square vc-hoverbox-align--center vc-hoverbox-direction--default vc-hoverbox-width--100\"  ontouchstart=\"\">\n  <div class=\"vc-hoverbox\">\n    <div class=\"vc-hoverbox-inner\">\n      <div class=\"vc-hoverbox-block vc-hoverbox-front\" style=\"background-image: url(https:\/\/jehannecharpente.fr\/wp-content\/uploads\/2024\/06\/img-bardage-maison-2-1024x607.jpg);\">\n        <div class=\"vc-hoverbox-block-inner vc-hoverbox-front-inner\">\n            \n        <\/div>\n      <\/div>\n      <div class=\"vc-hoverbox-block vc-hoverbox-back\" style=\"background-color: #ebebeb;\">\n        <div class=\"vc-hoverbox-block-inner vc-hoverbox-back-inner\">\n            \n            <p style=\"text-align: center;\"><span class=\"Apple-style-span\">Timber cladding<\/span><\/p>\n<p style=\"text-align: center;\"><span class=\"Apple-style-span\">Fibro-cement cladding<\/span><\/p>\n<p style=\"text-align: center;\"><span class=\"Apple-style-span\">Maintenance-free reconstituted wood cladding<\/span><\/p>\n\n            <div class=\"vc_btn3-container vc_btn3-center\" ><a class=\"vc_general vc_btn3 vc_btn3-size-lg vc_btn3-shape-square vc_btn3-style-modern vc_btn3-color-default\" href=\"http:\/\/jehannecharpente.fr\/en\/NOUVEAUSITE\/contactez-nous\/\" title=\"contact us !\" target=\"_blank\">CONTACT US !<\/a><\/div>\n        <\/div>\n      <\/div>\n    <\/div>\n  <\/div>\n<\/div><div class=\"vc_empty_space  vc_custom_1572721734471\"   style=\"height: 22px\"><span class=\"vc_empty_space_inner\"><\/span><\/div>\n\t<div class=\"wpb_text_column wpb_content_element\" >\n\t\t<div class=\"wpb_wrapper\">\n\t\t\t<h3><\/h3>\n<p style=\"text-align: center;\">Cladding brings a modern touch to a new construction and improves insulation.<\/p>\n\n\t\t<\/div>\n\t<\/div>\n<div class=\"vc_empty_space\"   style=\"height: 9px\"><span class=\"vc_empty_space_inner\"><\/span><\/div><div class=\"ubtn-ctn-center\"><a class=\"ubtn-link ult-adjust-bottom-margin ubtn-center ubtn-large\" href=\"https:\/\/jehannecharpente.fr\/en\/savoir-faire\/bardage-isolation\/\" title=\"Cladding and Insulation\" ><button type=\"button\" id=\"ubtn-3002\"  class=\"ubtn ult-adjust-bottom-margin ult-responsive ubtn-large ubtn-fade-bg  ulta-push  ubtn-center   tooltip-69d5d91fd2b97\"  data-hover=\"\" data-border-color=\"\" data-bg=\"#d3d926\" data-hover-bg=\"\" data-border-hover=\"\" data-shadow-hover=\"\" data-shadow-click=\"none\" data-shadow=\"\" data-shd-shadow=\"\"  data-ultimate-target='#ubtn-3002'  data-responsive-json-new='{\"font-size\":\"desktop:15px;\",\"line-height\":\"desktop:15px;\"}'  style=\"font-weight:bold;border:none;background: #d3d926;color: #ffffff;\"><span class=\"ubtn-hover\" style=\"background-color:\"><\/span><span class=\"ubtn-data ubtn-text\" >LEARN MORE<\/span><\/button><\/a><\/div><div class=\"vc_empty_space\"   style=\"height: 20px\"><span class=\"vc_empty_space_inner\"><\/span><\/div><\/div><\/div><\/div><div class=\"wpb_column vc_column_container vc_col-sm-3\"><div class=\"vc_column-inner\"><div class=\"wpb_wrapper\"><div class=\"vc_empty_space\"   style=\"height: 22px\"><span class=\"vc_empty_space_inner\"><\/span><\/div>\n\t<div class=\"wpb_text_column wpb_content_element  wpb_animate_when_almost_visible wpb_bounceInLeft bounceInLeft\" >\n\t\t<div class=\"wpb_wrapper\">\n\t\t\t<h3><\/h3>\n<h3 style=\"text-align: center;\"><strong><span style=\"color: #d3d926;\"><span style=\"caret-color: #d3d926;\">TERRACE<\/span><\/span><\/strong><\/h3>\n\n\t\t<\/div>\n\t<\/div>\n<div class=\"vc_empty_space\"   style=\"height: 9px\"><span class=\"vc_empty_space_inner\"><\/span><\/div><div class=\"vc-hoverbox-wrapper  vc_custom_1718814958988 vc-hoverbox-shape--square vc-hoverbox-align--center vc-hoverbox-direction--default vc-hoverbox-width--100\"  ontouchstart=\"\">\n  <div class=\"vc-hoverbox\">\n    <div class=\"vc-hoverbox-inner\">\n      <div class=\"vc-hoverbox-block vc-hoverbox-front\" style=\"background-image: url(https:\/\/jehannecharpente.fr\/wp-content\/uploads\/2024\/06\/terrasse-fportrait-1024x839.jpg);\">\n        <div class=\"vc-hoverbox-block-inner vc-hoverbox-front-inner\">\n            \n        <\/div>\n      <\/div>\n      <div class=\"vc-hoverbox-block vc-hoverbox-back\" style=\"background-color: #ebebeb;\">\n        <div class=\"vc-hoverbox-block-inner vc-hoverbox-back-inner\">\n            \n            <p style=\"text-align: center;\">Outdoor Facilities,<\/p>\n<p style=\"text-align: center;\">Wooden or composite terraces,<\/p>\n<p style=\"text-align: center;\">Pergolas, wooden fences<\/p>\n\n            <div class=\"vc_btn3-container vc_btn3-center\" ><a class=\"vc_general vc_btn3 vc_btn3-size-lg vc_btn3-shape-square vc_btn3-style-modern vc_btn3-color-default\" href=\"http:\/\/jehannecharpente.fr\/en\/NOUVEAUSITE\/contactez-nous\/\" title=\"contact us !\" target=\"_blank\">CONTACT US !<\/a><\/div>\n        <\/div>\n      <\/div>\n    <\/div>\n  <\/div>\n<\/div><div class=\"vc_empty_space  vc_custom_1572721734471\"   style=\"height: 22px\"><span class=\"vc_empty_space_inner\"><\/span><\/div>\n\t<div class=\"wpb_text_column wpb_content_element\" >\n\t\t<div class=\"wpb_wrapper\">\n\t\t\t<h3><\/h3>\n<p style=\"text-align: center;\">We install wooden or composite terraces: wide choice of wood and style.<\/p>\n\n\t\t<\/div>\n\t<\/div>\n<div class=\"vc_empty_space\"   style=\"height: 9px\"><span class=\"vc_empty_space_inner\"><\/span><\/div><div class=\"ubtn-ctn-center\"><a class=\"ubtn-link ult-adjust-bottom-margin ubtn-center ubtn-large\" href=\"http:\/\/jehannecharpente.fr\/en\/savoir-faire\/terrasse\/\" title=\"Terrace\" ><button type=\"button\" id=\"ubtn-2766\"  class=\"ubtn ult-adjust-bottom-margin ult-responsive ubtn-large ubtn-fade-bg  ulta-push  ubtn-center   tooltip-69d5d91fd3553\"  data-hover=\"\" data-border-color=\"\" data-bg=\"#d3d926\" data-hover-bg=\"\" data-border-hover=\"\" data-shadow-hover=\"\" data-shadow-click=\"none\" data-shadow=\"\" data-shd-shadow=\"\"  data-ultimate-target='#ubtn-2766'  data-responsive-json-new='{\"font-size\":\"desktop:15px;\",\"line-height\":\"desktop:15px;\"}'  style=\"font-weight:bold;border:none;background: #d3d926;color: #ffffff;\"><span class=\"ubtn-hover\" style=\"background-color:\"><\/span><span class=\"ubtn-data ubtn-text\" >LEARN MORE<\/span><\/button><\/a><\/div><div class=\"vc_empty_space\"   style=\"height: 20px\"><span class=\"vc_empty_space_inner\"><\/span><\/div><\/div><\/div><\/div><\/div><\/div><\/div><!-- Row Backgrounds --><div class=\"upb_color\" data-bg-override=\"0\" data-bg-color=\"#a3a3a3\" data-fadeout=\"\" data-fadeout-percentage=\"30\" data-parallax-content=\"\" data-parallax-content-sense=\"30\" data-row-effect-mobile-disable=\"true\" data-img-parallax-mobile-disable=\"true\" data-rtl=\"false\"  data-custom-vc-row=\"\"  data-vc=\"6.8.0\"  data-is_old_vc=\"\"  data-theme-support=\"enable\"   data-overlay=\"false\" data-overlay-color=\"\" data-overlay-pattern=\"\" data-overlay-pattern-opacity=\"\" data-overlay-pattern-size=\"\"    ><\/div>","protected":false},"excerpt":{"rendered":"Charpente traditionnelle, maison ossature bois, bardage ... CHARPENTE & SOLUTIONS BOIS CHARPENTE Charpente traditionnelle Restauration de charpentes Sur\u00e9l\u00e9vations de toits CONTACTEZ-NOUS ! Nos \u00e9quipes de charpentiers sont exp\u00e9riment\u00e9s et interviennent sur tous types de constructions en bois. EN SAVOIR + OSSATURE BOIS Maison \u00e0 ossature bois M\u00e9thodes de construction sp\u00e9cifiques\u00a0 R\u00e9glementations BBC CONTACTEZ-NOUS ! Jehanne ...","protected":false},"author":1,"featured_media":0,"parent":0,"menu_order":0,"comment_status":"closed","ping_status":"closed","template":"","meta":{"footnotes":""},"class_list":["post-121","page","type-page","status-publish","hentry"],"yoast_head":"<!-- This site is optimized with the Yoast SEO plugin v23.1 - https:\/\/yoast.com\/wordpress\/plugins\/seo\/ -->\n<title>Jehanne Chapente I Miniac-Morvan I charpente bois et construction<\/title>\n<meta name=\"description\" content=\"Jehanne Chapente et solutions bois est une entreprise de charpente et de menuiserie reconnue sur le secteur de Saint-Malo. Jehanne Charpente travaille\" \/>\n<meta name=\"robots\" content=\"index, follow, max-snippet:-1, max-image-preview:large, max-video-preview:-1\" \/>\n<link rel=\"canonical\" href=\"https:\/\/jehannecharpente.fr\/en\/\" \/>\n<meta property=\"og:locale\" content=\"en_GB\" \/>\n<meta property=\"og:type\" content=\"article\" \/>\n<meta property=\"og:title\" content=\"Jehanne Chapente I Miniac-Morvan I charpente bois et construction\" \/>\n<meta property=\"og:description\" content=\"Jehanne Chapente et solutions bois est une entreprise de charpente et de menuiserie reconnue sur le secteur de Saint-Malo. Jehanne Charpente travaille\" \/>\n<meta property=\"og:url\" content=\"https:\/\/jehannecharpente.fr\/en\/\" \/>\n<meta property=\"og:site_name\" content=\"Jehanne Charpente\" \/>\n<meta property=\"article:modified_time\" content=\"2024-07-16T08:22:45+00:00\" \/>\n<meta name=\"twitter:card\" content=\"summary_large_image\" \/>\n<meta name=\"twitter:label1\" content=\"Estimated reading time\" \/>\n\t<meta name=\"twitter:data1\" content=\"3 minutes\" \/>\n<script type=\"application\/ld+json\" class=\"yoast-schema-graph\">{\"@context\":\"https:\/\/schema.org\",\"@graph\":[{\"@type\":\"WebPage\",\"@id\":\"https:\/\/jehannecharpente.fr\/\",\"url\":\"https:\/\/jehannecharpente.fr\/\",\"name\":\"Jehanne Chapente I Miniac-Morvan I charpente bois et construction\",\"isPartOf\":{\"@id\":\"https:\/\/jehannecharpente.fr\/#website\"},\"datePublished\":\"2019-11-01T21:05:00+00:00\",\"dateModified\":\"2024-07-16T08:22:45+00:00\",\"description\":\"Jehanne Chapente et solutions bois est une entreprise de charpente et de menuiserie reconnue sur le secteur de Saint-Malo. Jehanne Charpente travaille\",\"breadcrumb\":{\"@id\":\"https:\/\/jehannecharpente.fr\/#breadcrumb\"},\"inLanguage\":\"en-GB\",\"potentialAction\":[{\"@type\":\"ReadAction\",\"target\":[\"https:\/\/jehannecharpente.fr\/\"]}]},{\"@type\":\"BreadcrumbList\",\"@id\":\"https:\/\/jehannecharpente.fr\/#breadcrumb\",\"itemListElement\":[{\"@type\":\"ListItem\",\"position\":1,\"name\":\"Accueil\",\"item\":\"https:\/\/jehannecharpente.fr\/\"},{\"@type\":\"ListItem\",\"position\":2,\"name\":\"Accueil\"}]},{\"@type\":\"WebSite\",\"@id\":\"https:\/\/jehannecharpente.fr\/#website\",\"url\":\"https:\/\/jehannecharpente.fr\/\",\"name\":\"Jehanne Charpente\",\"description\":\"Charpente, Maison ossature bois, bardage I Saint-Malo\",\"potentialAction\":[{\"@type\":\"SearchAction\",\"target\":{\"@type\":\"EntryPoint\",\"urlTemplate\":\"https:\/\/jehannecharpente.fr\/?s={search_term_string}\"},\"query-input\":\"required name=search_term_string\"}],\"inLanguage\":\"en-GB\"}]}<\/script>\n<!-- \/ Yoast SEO plugin. -->","yoast_head_json":{"title":"Jehanne Chapente I Miniac-Morvan I charpente bois et construction","description":"Jehanne Chapente et solutions bois est une entreprise de charpente et de menuiserie reconnue sur le secteur de Saint-Malo. Jehanne Charpente travaille","robots":{"index":"index","follow":"follow","max-snippet":"max-snippet:-1","max-image-preview":"max-image-preview:large","max-video-preview":"max-video-preview:-1"},"canonical":"https:\/\/jehannecharpente.fr\/en\/","og_locale":"en_GB","og_type":"article","og_title":"Jehanne Chapente I Miniac-Morvan I charpente bois et construction","og_description":"Jehanne Chapente et solutions bois est une entreprise de charpente et de menuiserie reconnue sur le secteur de Saint-Malo. Jehanne Charpente travaille","og_url":"https:\/\/jehannecharpente.fr\/en\/","og_site_name":"Jehanne Charpente","article_modified_time":"2024-07-16T08:22:45+00:00","twitter_card":"summary_large_image","twitter_misc":{"Estimated reading time":"3 minutes"},"schema":{"@context":"https:\/\/schema.org","@graph":[{"@type":"WebPage","@id":"https:\/\/jehannecharpente.fr\/","url":"https:\/\/jehannecharpente.fr\/","name":"Jehanne Chapente I Miniac-Morvan I charpente bois et construction","isPartOf":{"@id":"https:\/\/jehannecharpente.fr\/#website"},"datePublished":"2019-11-01T21:05:00+00:00","dateModified":"2024-07-16T08:22:45+00:00","description":"Jehanne Chapente et solutions bois est une entreprise de charpente et de menuiserie reconnue sur le secteur de Saint-Malo. Jehanne Charpente travaille","breadcrumb":{"@id":"https:\/\/jehannecharpente.fr\/#breadcrumb"},"inLanguage":"en-GB","potentialAction":[{"@type":"ReadAction","target":["https:\/\/jehannecharpente.fr\/"]}]},{"@type":"BreadcrumbList","@id":"https:\/\/jehannecharpente.fr\/#breadcrumb","itemListElement":[{"@type":"ListItem","position":1,"name":"Accueil","item":"https:\/\/jehannecharpente.fr\/"},{"@type":"ListItem","position":2,"name":"Accueil"}]},{"@type":"WebSite","@id":"https:\/\/jehannecharpente.fr\/#website","url":"https:\/\/jehannecharpente.fr\/","name":"Jehanne Charpente","description":"Charpente, Maison ossature bois, bardage I Saint-Malo","potentialAction":[{"@type":"SearchAction","target":{"@type":"EntryPoint","urlTemplate":"https:\/\/jehannecharpente.fr\/?s={search_term_string}"},"query-input":"required name=search_term_string"}],"inLanguage":"en-GB"}]}},"_links":{"self":[{"href":"https:\/\/jehannecharpente.fr\/en\/wp-json\/wp\/v2\/pages\/121"}],"collection":[{"href":"https:\/\/jehannecharpente.fr\/en\/wp-json\/wp\/v2\/pages"}],"about":[{"href":"https:\/\/jehannecharpente.fr\/en\/wp-json\/wp\/v2\/types\/page"}],"author":[{"embeddable":true,"href":"https:\/\/jehannecharpente.fr\/en\/wp-json\/wp\/v2\/users\/1"}],"replies":[{"embeddable":true,"href":"https:\/\/jehannecharpente.fr\/en\/wp-json\/wp\/v2\/comments?post=121"}],"version-history":[{"count":127,"href":"https:\/\/jehannecharpente.fr\/en\/wp-json\/wp\/v2\/pages\/121\/revisions"}],"predecessor-version":[{"id":613,"href":"https:\/\/jehannecharpente.fr\/en\/wp-json\/wp\/v2\/pages\/121\/revisions\/613"}],"wp:attachment":[{"href":"https:\/\/jehannecharpente.fr\/en\/wp-json\/wp\/v2\/media?parent=121"}],"curies":[{"name":"wp","href":"https:\/\/api.w.org\/{rel}","templated":true}]}}